{"id":1193,"date":"2018-10-18T11:40:26","date_gmt":"2018-10-18T11:40:26","guid":{"rendered":"http:\/\/physioherrmann.de\/?page_id=1193"},"modified":"2023-05-28T16:58:47","modified_gmt":"2023-05-28T16:58:47","slug":"das-besondere","status":"publish","type":"page","link":"https:\/\/test.physioherrmann.de\/?page_id=1193","title":{"rendered":"So funktioniert Return to Sports"},"content":{"rendered":"<p style=\"text-align: left;\"><span style=\"font-size: 12pt; font-family: helvetica, arial, sans-serif;\">Jeder Mensch ist einzigartig: In seinen k\u00f6rperlichen Grundvoraussetzungen, seiner Verletzungshistorie und seinem Leistungsniveau auf dem er sich gerade befindet. All diese und noch viele weitere <strong>leistungsbestimmende Parameter<\/strong> wie Alter, Geschlecht, Gr\u00f6\u00dfe ber\u00fccksichtigt die Software in der Auswertung der Testergebnisse.<\/span><\/p>\n<p style=\"text-align: left;\"><span style=\"font-size: 12pt; font-family: helvetica, arial, sans-serif;\">Ebenso wie die Hauptsportart des Athleten. Somit wird ein leistungsorientierter Skirennl\u00e4ufer andere Testverfahren durchlaufen, als ein Hobbymountainbiker, denn Sehnen, B\u00e4nder und Muskeln vom Skifahrer oder Fussballspieler m\u00fcssen in der Praxis auch anderen Belastungen standhalten k\u00f6nnen, wie z.B. die eines Freizeitsportlers oder L\u00e4ufers.<\/span><\/p>\n<p>&nbsp;<\/p>\n<hr>\n<p>&nbsp;<\/p>\n<p style=\"text-align: left;\"><span style=\"font-size: 12pt; font-family: helvetica, arial, sans-serif;\"><strong>Getestet werden verschiedene k\u00f6rperliche Disziplinen:<\/strong><\/span><\/p>\n<p style=\"text-align: left;\"><span style=\"font-size: 12pt; font-family: helvetica, arial, sans-serif;\">\u2192&nbsp;isolierte Muskelgruppen der oberen und unteren Extremit\u00e4t auf Kraft<\/span><br \/>\n<span style=\"font-size: 12pt; font-family: helvetica, arial, sans-serif;\"> \u2192&nbsp;Muskel-\/Sehnen und Gelenke auf Beweglichkeit und Dehnf\u00e4higkeit<\/span><br \/>\n<span style=\"font-size: 12pt; font-family: helvetica, arial, sans-serif;\"> \u2192&nbsp;das funktionelle Zusammenspiel tiefliegender rumpfstabilisierender myofaszialer Ketten untereinander, woraus die<\/span><br \/>\n<span style=\"font-size: 12pt; font-family: helvetica, arial, sans-serif;\"> \u2192&nbsp;Ganzk\u00f6rperstabilit\u00e4t resultiert<\/span><br \/>\n<span style=\"font-size: 12pt; font-family: helvetica, arial, sans-serif;\"> \u2192 ggf. Kraftausdauer, Sprungkraft und Schnelligkeit (insofern es f\u00fcr die Sportart von Bedeutung ist)<\/span><\/p>\n<p>&nbsp;<\/p>\n<hr>\n<p>&nbsp;<\/p>\n<p><img loading=\"lazy\" decoding=\"async\" class=\"aligncenter size-full wp-image-1240\" src=\"https:\/\/test.physioherrmann.de\/wp-content\/uploads\/2018\/10\/Beispiel.png\" alt=\"\" width=\"551\" height=\"235\" srcset=\"https:\/\/test.physioherrmann.de\/wp-content\/uploads\/2018\/10\/Beispiel.png 551w, https:\/\/test.physioherrmann.de\/wp-content\/uploads\/2018\/10\/Beispiel-300x128.png 300w\" sizes=\"auto, (max-width: 551px) 100vw, 551px\" \/><\/p>\n<p><span style=\"font-size: 12pt; font-family: helvetica, arial, sans-serif;\">Im Seitenvergleich links-rechts flie\u00dfen <strong>objektive<\/strong> (mit Kraft- und Winkelmesser, Stoppuhr, Massband) wie auch <strong>subjektive<\/strong> (durch physiotherapeutischen Sichtbefund und Videoanalysen) <strong>Beurteilungen<\/strong> in die<strong>&nbsp;gesamte Testauswertung <\/strong>ein.<\/span><\/p>\n","protected":false},"excerpt":{"rendered":"<p>Jeder Mensch ist einzigartig: In seinen k\u00f6rperlichen Grundvoraussetzungen, seiner Verletzungshistorie und seinem Leistungsniveau auf dem er sich gerade befindet. All diese und noch viele weitere leistungsbestimmende Parameter wie Alter, Geschlecht, &#8230; <a title=\"So funktioniert Return to Sports\" class=\"read-more\" href=\"https:\/\/test.physioherrmann.de\/?page_id=1193\" aria-label=\"Mehr Informationen \u00fcber So funktioniert Return to Sports\">Weiterlesen<\/a><\/p>\n","protected":false},"author":1,"featured_media":0,"parent":1184,"menu_order":0,"comment_status":"closed","ping_status":"closed","template":"","meta":{"footnotes":""},"class_list":["post-1193","page","type-page","status-publish"],"_links":{"self":[{"href":"https:\/\/test.physioherrmann.de\/index.php?rest_route=\/wp\/v2\/pages\/1193","targetHints":{"allow":["GET"]}}],"collection":[{"href":"https:\/\/test.physioherrmann.de\/index.php?rest_route=\/wp\/v2\/pages"}],"about":[{"href":"https:\/\/test.physioherrmann.de\/index.php?rest_route=\/wp\/v2\/types\/page"}],"author":[{"embeddable":true,"href":"https:\/\/test.physioherrmann.de\/index.php?rest_route=\/wp\/v2\/users\/1"}],"replies":[{"embeddable":true,"href":"https:\/\/test.physioherrmann.de\/index.php?rest_route=%2Fwp%2Fv2%2Fcomments&post=1193"}],"version-history":[{"count":19,"href":"https:\/\/test.physioherrmann.de\/index.php?rest_route=\/wp\/v2\/pages\/1193\/revisions"}],"predecessor-version":[{"id":1581,"href":"https:\/\/test.physioherrmann.de\/index.php?rest_route=\/wp\/v2\/pages\/1193\/revisions\/1581"}],"up":[{"embeddable":true,"href":"https:\/\/test.physioherrmann.de\/index.php?rest_route=\/wp\/v2\/pages\/1184"}],"wp:attachment":[{"href":"https:\/\/test.physioherrmann.de\/index.php?rest_route=%2Fwp%2Fv2%2Fmedia&parent=1193"}],"curies":[{"name":"wp","href":"https:\/\/api.w.org\/{rel}","templated":true}]}}