{"id":1195,"date":"2018-10-18T11:41:34","date_gmt":"2018-10-18T11:41:34","guid":{"rendered":"http:\/\/physioherrmann.de\/?page_id=1195"},"modified":"2023-06-05T08:04:51","modified_gmt":"2023-06-05T08:04:51","slug":"ziele","status":"publish","type":"page","link":"https:\/\/test.physioherrmann.de\/?page_id=1195","title":{"rendered":"Ziele von Return to Sports"},"content":{"rendered":"<p style=\"text-align: left;\"><span style=\"font-size: 18pt; font-family: helvetica, arial, sans-serif;\"><strong>Ziele<\/strong><\/span><\/p>\n<p style=\"text-align: left;\"><span style=\"font-size: 12pt; font-family: helvetica, arial, sans-serif;\">Das \u00fcbergeordnete Ziel ist:<\/span><\/p>\n<blockquote>\n<p style=\"text-align: left;\"><span style=\"font-size: 14pt; font-family: helvetica, arial, sans-serif;\"><em><span style=\"color: #2e6f00;\">Finde zu deiner inneren Mitte &#8211; r\u00fccke deinen K\u00f6rper zur\u00fcck ins Gleichgewicht und vermeide \u00dcberlastungen!<\/span><\/em><\/span><\/p>\n<p style=\"text-align: left;\"><span style=\"font-family: helvetica, arial, sans-serif;\">&nbsp;<\/span><\/p>\n<\/blockquote>\n<p style=\"text-align: left;\"><span style=\"font-size: 12pt; font-family: helvetica, arial, sans-serif;\">Die Strategie daf\u00fcr lautet:<\/span><\/p>\n<blockquote>\n<p style=\"text-align: left;\"><span style=\"font-size: 14pt; font-family: helvetica, arial, sans-serif;\"><em><span style=\"color: #2e6f00;\">Erkenne deine k\u00f6rperlichen&nbsp;<\/span><span style=\"color: #2e6f00;\"><span style=\"caret-color: #2e6f00;\">Defizite, dann kannst du aktiv dagegen steuern und sei dir deiner St\u00e4rken bewusst, auf diese kannst du dann aufbauen!<\/span><\/span><\/em><\/span><\/p>\n<p style=\"text-align: left;\"><span style=\"font-family: helvetica, arial, sans-serif;\"><strong>&nbsp;<\/strong><\/span><\/p>\n<\/blockquote>\n<p style=\"text-align: left;\"><span style=\"font-size: 12pt; font-family: helvetica, arial, sans-serif;\"><strong>Umsetzung in der Praxis:<\/strong><\/span><\/p>\n<p style=\"text-align: left;\"><span style=\"font-size: 12pt; font-family: helvetica, arial, sans-serif;\">Der auf Evidenz basierten sportwissenschaftlichen Erkenntnissen beruhende Algorithmus der SpartaNova Software, berechnet das individuelle Verletzungsrisiko-Profil der getesteten Person, visualisiert St\u00e4rken und Schw\u00e4chen deutlich in der Testauswertung und erm\u00f6glicht auf dieser Grundlage dem Physiotherapeuten oder Trainer einen <strong>so individuell wie m\u00f6glich, darauf abgestimmten Trainingsplan, zu erstellen<\/strong>.<\/span><\/p>\n<p>&nbsp;<\/p>\n<hr>\n<p>&nbsp;<\/p>\n<p style=\"text-align: left;\"><span style=\"font-size: 12pt;\"><em><span style=\"font-family: helvetica, arial, sans-serif;\">Dabei werden drei verschiedene Situationen unterschieden:<\/span><\/em><\/span><\/p>\n<p>&nbsp;<\/p>\n<p style=\"text-align: left;\"><span style=\"font-size: 18pt; font-family: helvetica, arial, sans-serif;\"><b>Pr\u00e4vention:<\/b><\/span><\/p>\n<p style=\"text-align: left;\"><span style=\"font-size: 12pt; font-family: helvetica, arial, sans-serif;\">Fr\u00fcherkennung k\u00f6rperlicher Schwachstellen mit dem Ziel der Vermeidung von \u00dcberlastungen des Sehnen-Band-Apparates oder vorzeitigem Gelenkverschlei\u00df, durch einseitige oder unphysiologische Belastungen. Erkennen&nbsp;<strong>muskul\u00e4rer Dysbalancen<\/strong> und rechtzeitiges Gegentrainieren zur <strong>Vermeidung von Verletzungen<\/strong> steht dabei im Fokus.<\/span><\/p>\n<p>&nbsp;<\/p>\n<p style=\"text-align: left;\"><span style=\"font-size: 18pt; font-family: helvetica, arial, sans-serif;\"><b>Return to sports:<br \/>\n<\/b><span style=\"font-size: 12pt;\">(Rehabilitation nach Verletzungen)<\/span><\/span><\/p>\n<p style=\"text-align: left;\"><span style=\"font-size: 12pt; font-family: helvetica, arial, sans-serif;\">Gezielte Bewegung &#8211; Belastung &#8211; Trainingssteuerung nach Verletzungen. Vermeidung von Reverletzungen oder Heilungsverz\u00f6gerung durch zu fr\u00fch gesetzte, zu starke Trainingsreize und eine sichere und schnellst m\u00f6gliche R\u00fcckkehr zum Sport ist die Zielsetzung dieses Bereichs. Denn oftmals will der Sportler (davon sind Leistungs- und Freizeitsportler gleicherma\u00dfen betroffen) mehr, als sein K\u00f6rper schon leisten kann.&nbsp;<\/span><\/p>\n<p>&nbsp;<\/p>\n<p style=\"text-align: left;\"><span style=\"font-size: 18pt; font-family: helvetica, arial, sans-serif;\"><b>Training:<\/b><br \/>\n<\/span><\/p>\n<p style=\"text-align: left;\"><span style=\"font-family: helvetica, arial, sans-serif;\">\u2192 Ein Pool an 700 \u00dcbungen erm\u00f6glicht individuelle, auf den Sportler zugeschnittene und dennoch abwechslungsreiche Trainingspl\u00e4ne, egal auf welchem Leistungsniveau er sich befindet.<\/span><br \/>\n<span style=\"font-family: helvetica, arial, sans-serif;\">\u2192 Trainingsteuerung \u00fcber das komplette Jahr hinweg erm\u00f6glicht das <strong>Online Coaching<\/strong> au\u00dferdem&nbsp;hat man<\/span><br \/>\n<span style=\"font-family: helvetica, arial, sans-serif;\">\u2192&nbsp;dadurch die M\u00f6glichkeit der <strong>Fr\u00fcherkennung<\/strong> des h\u00e4ufig Karriere entscheidenden Zustands&nbsp;des&nbsp;s.g.&nbsp;<strong>&#8222;\u00dcbertrainings&#8220;<\/strong> mit dem Ziel, den richtigen Zeitpunkt f\u00fcr eine kurzzeitige Trainingspause oder Umstellung der Trainingsreize zu erkennen &#8211; um <strong>Verletzungen oder Leistungstiefs trotz zu gro\u00dfem Trainingsengagements zu vermeiden!<\/strong><\/span><\/p>\n<p>&nbsp;<\/p>\n","protected":false},"excerpt":{"rendered":"<p>Ziele Das \u00fcbergeordnete Ziel ist: Finde zu deiner inneren Mitte &#8211; r\u00fccke deinen K\u00f6rper zur\u00fcck ins Gleichgewicht und vermeide \u00dcberlastungen! &nbsp; Die Strategie daf\u00fcr lautet: Erkenne deine k\u00f6rperlichen&nbsp;Defizite, dann kannst &#8230; <a title=\"Ziele von Return to Sports\" class=\"read-more\" href=\"https:\/\/test.physioherrmann.de\/?page_id=1195\" aria-label=\"Mehr Informationen \u00fcber Ziele von Return to Sports\">Weiterlesen<\/a><\/p>\n","protected":false},"author":1,"featured_media":0,"parent":1184,"menu_order":0,"comment_status":"closed","ping_status":"closed","template":"","meta":{"footnotes":""},"class_list":["post-1195","page","type-page","status-publish"],"_links":{"self":[{"href":"https:\/\/test.physioherrmann.de\/index.php?rest_route=\/wp\/v2\/pages\/1195","targetHints":{"allow":["GET"]}}],"collection":[{"href":"https:\/\/test.physioherrmann.de\/index.php?rest_route=\/wp\/v2\/pages"}],"about":[{"href":"https:\/\/test.physioherrmann.de\/index.php?rest_route=\/wp\/v2\/types\/page"}],"author":[{"embeddable":true,"href":"https:\/\/test.physioherrmann.de\/index.php?rest_route=\/wp\/v2\/users\/1"}],"replies":[{"embeddable":true,"href":"https:\/\/test.physioherrmann.de\/index.php?rest_route=%2Fwp%2Fv2%2Fcomments&post=1195"}],"version-history":[{"count":30,"href":"https:\/\/test.physioherrmann.de\/index.php?rest_route=\/wp\/v2\/pages\/1195\/revisions"}],"predecessor-version":[{"id":1609,"href":"https:\/\/test.physioherrmann.de\/index.php?rest_route=\/wp\/v2\/pages\/1195\/revisions\/1609"}],"up":[{"embeddable":true,"href":"https:\/\/test.physioherrmann.de\/index.php?rest_route=\/wp\/v2\/pages\/1184"}],"wp:attachment":[{"href":"https:\/\/test.physioherrmann.de\/index.php?rest_route=%2Fwp%2Fv2%2Fmedia&parent=1195"}],"curies":[{"name":"wp","href":"https:\/\/api.w.org\/{rel}","templated":true}]}}