{"id":1648,"date":"2023-08-12T09:23:06","date_gmt":"2023-08-12T09:23:06","guid":{"rendered":"https:\/\/test.physioherrmann.de\/?page_id=1648"},"modified":"2026-01-15T12:52:58","modified_gmt":"2026-01-15T12:52:58","slug":"mit-einem-stabilen-ruecken-in-das-fruehjahr","status":"publish","type":"page","link":"https:\/\/test.physioherrmann.de\/?page_id=1648","title":{"rendered":"Mit einem stabilen R\u00fccken in das Fr\u00fchjahr"},"content":{"rendered":"\n<figure class=\"wp-block-table is-style-stripes\"><table><tbody><tr><td>TERMINE<\/td><td class=\"has-text-align-center\" data-align=\"center\"><\/td><td><\/td><td><\/td><td><\/td><\/tr><tr><td><\/td><td class=\"has-text-align-center\" data-align=\"center\"><strong>&#8211;<\/strong><\/td><td>&#8211;<\/td><td>&#8211;<\/td><td><\/td><\/tr><\/tbody><\/table><\/figure>\n\n\n\n<p>Inhalt und Ziel des Kurses ist die Erarbeitung eines effektiven und dennoch r\u00fcckengerechten \u00dcbungsprogramms f\u00fcr den ganzen K\u00f6rper, das von jedem Teilnehmer m\u00fchelos zu Hause fortgesetzt werden kann. <br>-&gt; Hauptaugenmerk liegt gleicherma\u00dfen in der Muskelkr\u00e4ftigung, sowie Mobilisierung und Lockerung von Wirbels\u00e4ule und Schulterg\u00fcrtel, unter Zuhilfenahme verschiedener Kleinger\u00e4te.<\/p>\n\n\n\n<p><\/p>\n\n\n\n<p>F\u00fcr R\u00fcckfragen stehen wie Ihnen gerne pers\u00f6nlich in der <strong>Pendlingstr. 1<\/strong> zur Verf\u00fcgung, oder unter der <strong>Telefone. 08033\/302360<\/strong>.<br><\/p>\n\n\n\n<p><strong>Eine Kurseinheit dauert 60 min<\/strong>.<strong> Es handelt sich um eine Selbstzahlerleistung: 100 Euro.<\/strong><\/p>\n","protected":false},"excerpt":{"rendered":"<p>TERMINE &#8211; &#8211; &#8211; Inhalt und Ziel des Kurses ist die Erarbeitung eines effektiven und dennoch r\u00fcckengerechten \u00dcbungsprogramms f\u00fcr den ganzen K\u00f6rper, das von jedem Teilnehmer m\u00fchelos zu Hause fortgesetzt &#8230; <a title=\"Mit einem stabilen R\u00fccken in das Fr\u00fchjahr\" class=\"read-more\" href=\"https:\/\/test.physioherrmann.de\/?page_id=1648\" aria-label=\"Mehr Informationen \u00fcber Mit einem stabilen R\u00fccken in das Fr\u00fchjahr\">Weiterlesen<\/a><\/p>\n","protected":false},"author":3,"featured_media":0,"parent":0,"menu_order":0,"comment_status":"closed","ping_status":"closed","template":"","meta":{"footnotes":""},"class_list":["post-1648","page","type-page","status-publish"],"_links":{"self":[{"href":"https:\/\/test.physioherrmann.de\/index.php?rest_route=\/wp\/v2\/pages\/1648","targetHints":{"allow":["GET"]}}],"collection":[{"href":"https:\/\/test.physioherrmann.de\/index.php?rest_route=\/wp\/v2\/pages"}],"about":[{"href":"https:\/\/test.physioherrmann.de\/index.php?rest_route=\/wp\/v2\/types\/page"}],"author":[{"embeddable":true,"href":"https:\/\/test.physioherrmann.de\/index.php?rest_route=\/wp\/v2\/users\/3"}],"replies":[{"embeddable":true,"href":"https:\/\/test.physioherrmann.de\/index.php?rest_route=%2Fwp%2Fv2%2Fcomments&post=1648"}],"version-history":[{"count":2,"href":"https:\/\/test.physioherrmann.de\/index.php?rest_route=\/wp\/v2\/pages\/1648\/revisions"}],"predecessor-version":[{"id":1661,"href":"https:\/\/test.physioherrmann.de\/index.php?rest_route=\/wp\/v2\/pages\/1648\/revisions\/1661"}],"wp:attachment":[{"href":"https:\/\/test.physioherrmann.de\/index.php?rest_route=%2Fwp%2Fv2%2Fmedia&parent=1648"}],"curies":[{"name":"wp","href":"https:\/\/api.w.org\/{rel}","templated":true}]}}