{"id":2,"date":"2016-05-10T03:48:21","date_gmt":"2016-05-10T03:48:21","guid":{"rendered":"http:\/\/wp452m.a10-52-158-154.qa.plesk.ru\/wordpress\/?page_id=2"},"modified":"2023-08-12T09:36:30","modified_gmt":"2023-08-12T09:36:30","slug":"sample-page","status":"publish","type":"page","link":"https:\/\/test.physioherrmann.de\/","title":{"rendered":""},"content":{"rendered":"\n<figure class=\"wp-block-image alignfull size-full is-style-default\"><img loading=\"lazy\" decoding=\"async\" width=\"1920\" height=\"600\" src=\"https:\/\/physioherrmann.de\/wp-content\/uploads\/2023\/06\/Header_Team_2023_1920x600-1.jpg\" alt=\"\" class=\"wp-image-1592\" style=\"object-fit:cover\" srcset=\"https:\/\/test.physioherrmann.de\/wp-content\/uploads\/2023\/06\/Header_Team_2023_1920x600-1.jpg 1920w, https:\/\/test.physioherrmann.de\/wp-content\/uploads\/2023\/06\/Header_Team_2023_1920x600-1-300x94.jpg 300w, https:\/\/test.physioherrmann.de\/wp-content\/uploads\/2023\/06\/Header_Team_2023_1920x600-1-1024x320.jpg 1024w, https:\/\/test.physioherrmann.de\/wp-content\/uploads\/2023\/06\/Header_Team_2023_1920x600-1-768x240.jpg 768w, https:\/\/test.physioherrmann.de\/wp-content\/uploads\/2023\/06\/Header_Team_2023_1920x600-1-1536x480.jpg 1536w\" sizes=\"auto, (max-width: 1920px) 100vw, 1920px\" \/><\/figure>\n\n\n\n<div style=\"height:14px\" aria-hidden=\"true\" class=\"wp-block-spacer\"><\/div>\n\n\n\n<p class=\"has-base-3-color has-contrast-background-color has-text-color has-background has-medium-font-size\">Unsere Anmeldung ist nicht durchgehend besetzt. Sie k\u00f6nnen uns gerne jederzeit eine Nachricht per Email oder auf dem Anrufbeantworter hinterlassen. Wir setzen uns so schnell wie m\u00f6glich mit Ihnen in Verbindung.<\/p>\n\n\n\n<div class=\"wp-block-group is-horizontal is-content-justification-center is-layout-flex wp-container-core-group-is-layout-1 wp-block-group-is-layout-flex\">\n<div class=\"wp-block-columns is-layout-flex wp-container-core-columns-is-layout-1 wp-block-columns-is-layout-flex\">\n<div class=\"wp-block-column is-layout-flow wp-block-column-is-layout-flow\" style=\"flex-basis:100%\"><a class=\"maxbutton-9 maxbutton maxbutton-team\" href=\"https:\/\/test.physioherrmann.de\/?page_id=438\"><span class='mb-text'>Team<\/span><\/a>\n\n<a class=\"maxbutton-10 maxbutton maxbutton-physiotherapie\" href=\"https:\/\/test.physioherrmann.de\/?page_id=24\"><span class='mb-text'>Physiotherapie<\/span><\/a>\n\n<a class=\"maxbutton-11 maxbutton maxbutton-kursangebot\" href=\"https:\/\/test.physioherrmann.de\/?page_id=25\"><span class='mb-text'>KURSANGEBOT<\/span><\/a>\n\n<a class=\"maxbutton-12 maxbutton maxbutton-return-to-sports\" href=\"https:\/\/test.physioherrmann.de\/?page_id=1184&amp;preview=true\"><span class='mb-text'>Return to Sports<\/span><\/a><\/div>\n<\/div>\n<\/div>\n\n\n\n<div style=\"height:100px\" aria-hidden=\"true\" class=\"wp-block-spacer\"><\/div>\n\n\n\n<div class=\"wp-block-group\"><div class=\"wp-block-group__inner-container is-layout-flow wp-block-group-is-layout-flow\">\n<p class=\"has-text-align-center\"><span style=\"font-size: 24pt;\">Praxisphilosophie<\/span><\/p>\n\n\n\n<p class=\"has-text-align-left\">Bewegung und sportliche Bet\u00e4tigung liegt uns pers\u00f6nlich sehr am Herzen. Darum ist es uns ein gro\u00dfes Anliegen jedem Patienten, im Rahmen seiner k\u00f6rperlichen Voraussetzungen, die maximale Unterst\u00fctzung zu geben, dass er wieder beweglich, fit und aktiv wird bzw. bis ins hohe Alter bleiben kann.<br>Nach dem Leitsatz der Faszien-Therapie: &#8222;Wer sich nicht bewegt verklebt&#8220; <em>(Dr. Schleip)<\/em>.<br>Denn was gibt es denn erstrebenswerteres, als sich in unserer sch\u00f6nen Umgebung in der freien Natur m\u00f6glichst schmerzfrei bewegen zu k\u00f6nnen.<\/p>\n<\/div><\/div>\n\n\n\n<div style=\"height:100px\" aria-hidden=\"true\" class=\"wp-block-spacer\"><\/div>\n\n\n\n<p class=\"has-cyan-bluish-gray-color has-text-color has-medium-font-size\"><strong><em>Neue Termine unter KURSANGEBOT ab sofort ONLINE!<\/em><\/strong><\/p>\n\n\n\n<figure class=\"wp-block-gallery has-nested-images columns-default is-cropped wp-block-gallery-1 is-layout-flex wp-block-gallery-is-layout-flex\">\n<figure class=\"wp-block-image size-large\"><img loading=\"lazy\" decoding=\"async\" width=\"1024\" height=\"320\" data-id=\"1171\" src=\"https:\/\/physioherrmann.de\/wp-content\/uploads\/2018\/08\/Gebauede_PhysioHerrmann_2018_1920x600-1024x320.jpg\" alt=\"\" class=\"wp-image-1171\" srcset=\"https:\/\/test.physioherrmann.de\/wp-content\/uploads\/2018\/08\/Gebauede_PhysioHerrmann_2018_1920x600-1024x320.jpg 1024w, https:\/\/test.physioherrmann.de\/wp-content\/uploads\/2018\/08\/Gebauede_PhysioHerrmann_2018_1920x600-300x94.jpg 300w, https:\/\/test.physioherrmann.de\/wp-content\/uploads\/2018\/08\/Gebauede_PhysioHerrmann_2018_1920x600-768x240.jpg 768w, https:\/\/test.physioherrmann.de\/wp-content\/uploads\/2018\/08\/Gebauede_PhysioHerrmann_2018_1920x600.jpg 1920w\" sizes=\"auto, (max-width: 1024px) 100vw, 1024px\" \/><\/figure>\n<\/figure>\n\n\n\n<div style=\"height:100px\" aria-hidden=\"true\" class=\"wp-block-spacer\"><\/div>\n\n\n\n<figure class=\"wp-block-gallery has-nested-images columns-default is-cropped wp-block-gallery-2 is-layout-flex wp-block-gallery-is-layout-flex\">\n<figure class=\"wp-block-image size-large\"><img loading=\"lazy\" decoding=\"async\" width=\"1024\" height=\"320\" data-id=\"1603\" src=\"https:\/\/physioherrmann.de\/wp-content\/uploads\/2023\/06\/Header_Raum_2023_1920x600-1024x320.jpg\" alt=\"\" class=\"wp-image-1603\" srcset=\"https:\/\/test.physioherrmann.de\/wp-content\/uploads\/2023\/06\/Header_Raum_2023_1920x600-1024x320.jpg 1024w, https:\/\/test.physioherrmann.de\/wp-content\/uploads\/2023\/06\/Header_Raum_2023_1920x600-300x94.jpg 300w, https:\/\/test.physioherrmann.de\/wp-content\/uploads\/2023\/06\/Header_Raum_2023_1920x600-768x240.jpg 768w, https:\/\/test.physioherrmann.de\/wp-content\/uploads\/2023\/06\/Header_Raum_2023_1920x600-1536x480.jpg 1536w, https:\/\/test.physioherrmann.de\/wp-content\/uploads\/2023\/06\/Header_Raum_2023_1920x600.jpg 1920w\" sizes=\"auto, (max-width: 1024px) 100vw, 1024px\" \/><\/figure>\n<\/figure>\n","protected":false},"excerpt":{"rendered":"<p>Unsere Anmeldung ist nicht durchgehend besetzt. Sie k\u00f6nnen uns gerne jederzeit eine Nachricht per Email oder auf dem Anrufbeantworter hinterlassen. Wir setzen uns so schnell wie m\u00f6glich mit Ihnen in &#8230; <a title=\"\" class=\"read-more\" href=\"https:\/\/test.physioherrmann.de\/\" aria-label=\"Mehr Informationen \u00fcber \">Weiterlesen<\/a><\/p>\n","protected":false},"author":1,"featured_media":0,"parent":0,"menu_order":0,"comment_status":"closed","ping_status":"closed","template":"","meta":{"footnotes":""},"class_list":["post-2","page","type-page","status-publish"],"_links":{"self":[{"href":"https:\/\/test.physioherrmann.de\/index.php?rest_route=\/wp\/v2\/pages\/2","targetHints":{"allow":["GET"]}}],"collection":[{"href":"https:\/\/test.physioherrmann.de\/index.php?rest_route=\/wp\/v2\/pages"}],"about":[{"href":"https:\/\/test.physioherrmann.de\/index.php?rest_route=\/wp\/v2\/types\/page"}],"author":[{"embeddable":true,"href":"https:\/\/test.physioherrmann.de\/index.php?rest_route=\/wp\/v2\/users\/1"}],"replies":[{"embeddable":true,"href":"https:\/\/test.physioherrmann.de\/index.php?rest_route=%2Fwp%2Fv2%2Fcomments&post=2"}],"version-history":[{"count":119,"href":"https:\/\/test.physioherrmann.de\/index.php?rest_route=\/wp\/v2\/pages\/2\/revisions"}],"predecessor-version":[{"id":1653,"href":"https:\/\/test.physioherrmann.de\/index.php?rest_route=\/wp\/v2\/pages\/2\/revisions\/1653"}],"wp:attachment":[{"href":"https:\/\/test.physioherrmann.de\/index.php?rest_route=%2Fwp%2Fv2%2Fmedia&parent=2"}],"curies":[{"name":"wp","href":"https:\/\/api.w.org\/{rel}","templated":true}]}}