{"id":25,"date":"2017-02-28T20:14:55","date_gmt":"2017-02-28T20:14:55","guid":{"rendered":"http:\/\/test.physioherrmann.de\/?page_id=25"},"modified":"2023-08-12T09:24:11","modified_gmt":"2023-08-12T09:24:11","slug":"kurse","status":"publish","type":"page","link":"https:\/\/test.physioherrmann.de\/?page_id=25","title":{"rendered":"Kursangebot"},"content":{"rendered":"<p><span style=\"font-size: 14pt;\"><strong><a href=\"https:\/\/test.physioherrmann.de\/?page_id=1648\"><span style=\"font-size: 18pt;\">Mit einem stabilen R\u00fccken in das Fr\u00fchjahr<\/span><\/a><\/strong><\/span><\/p>\n<p><span style=\"font-size: 18pt;\"><strong><a href=\"https:\/\/test.physioherrmann.de\/?page_id=1613\">R\u00fcckenfit U-50<\/a><\/strong><\/span><\/p>\n","protected":false},"excerpt":{"rendered":"<p>Mit einem stabilen R\u00fccken in das Fr\u00fchjahr R\u00fcckenfit U-50<\/p>\n","protected":false},"author":1,"featured_media":0,"parent":0,"menu_order":0,"comment_status":"closed","ping_status":"closed","template":"","meta":{"footnotes":""},"class_list":["post-25","page","type-page","status-publish"],"_links":{"self":[{"href":"https:\/\/test.physioherrmann.de\/index.php?rest_route=\/wp\/v2\/pages\/25","targetHints":{"allow":["GET"]}}],"collection":[{"href":"https:\/\/test.physioherrmann.de\/index.php?rest_route=\/wp\/v2\/pages"}],"about":[{"href":"https:\/\/test.physioherrmann.de\/index.php?rest_route=\/wp\/v2\/types\/page"}],"author":[{"embeddable":true,"href":"https:\/\/test.physioherrmann.de\/index.php?rest_route=\/wp\/v2\/users\/1"}],"replies":[{"embeddable":true,"href":"https:\/\/test.physioherrmann.de\/index.php?rest_route=%2Fwp%2Fv2%2Fcomments&post=25"}],"version-history":[{"count":22,"href":"https:\/\/test.physioherrmann.de\/index.php?rest_route=\/wp\/v2\/pages\/25\/revisions"}],"predecessor-version":[{"id":1651,"href":"https:\/\/test.physioherrmann.de\/index.php?rest_route=\/wp\/v2\/pages\/25\/revisions\/1651"}],"wp:attachment":[{"href":"https:\/\/test.physioherrmann.de\/index.php?rest_route=%2Fwp%2Fv2%2Fmedia&parent=25"}],"curies":[{"name":"wp","href":"https:\/\/api.w.org\/{rel}","templated":true}]}}