{"id":277,"date":"2017-03-07T19:06:36","date_gmt":"2017-03-07T19:06:36","guid":{"rendered":"http:\/\/test.physioherrmann.de\/?page_id=277"},"modified":"2020-06-10T13:34:37","modified_gmt":"2020-06-10T13:34:37","slug":"kg-am-geraet","status":"publish","type":"page","link":"https:\/\/test.physioherrmann.de\/?page_id=277","title":{"rendered":"KG am Ger\u00e4t"},"content":{"rendered":"<p style=\"text-align: left;\"><span style=\"font-family: helvetica, arial, sans-serif;\"><img loading=\"lazy\" decoding=\"async\" class=\"aligncenter wp-image-822 size-full\" src=\"https:\/\/test.physioherrmann.de\/wp-content\/uploads\/2017\/03\/KG-Geraet_1200x600.jpg\" alt=\"\" width=\"1200\" height=\"600\" srcset=\"https:\/\/test.physioherrmann.de\/wp-content\/uploads\/2017\/03\/KG-Geraet_1200x600.jpg 1200w, https:\/\/test.physioherrmann.de\/wp-content\/uploads\/2017\/03\/KG-Geraet_1200x600-300x150.jpg 300w, https:\/\/test.physioherrmann.de\/wp-content\/uploads\/2017\/03\/KG-Geraet_1200x600-768x384.jpg 768w, https:\/\/test.physioherrmann.de\/wp-content\/uploads\/2017\/03\/KG-Geraet_1200x600-1024x512.jpg 1024w\" sizes=\"auto, (max-width: 1200px) 100vw, 1200px\" \/><\/span><\/p>\n<p style=\"text-align: left;\"><span style=\"font-size: 12pt; font-family: helvetica, arial, sans-serif;\">Unser heller und gro\u00dfz\u00fcgig ausgestatteter Trainingsraum bietet auf 80 m\u00b2 viel Raum und M\u00f6glichkeiten der Muskelst\u00e4rkung:<\/span><\/p>\n<p style=\"text-align: left;\"><span style=\"font-size: 12pt; font-family: helvetica, arial, sans-serif;\">\u2192 <strong>Ger\u00e4tetraining<\/strong> im Rahmen einer Rehabilitation zur gezielten Kr\u00e4ftigung einzelner, abgeschw\u00e4chter globalen Muskelgruppen z.B. nach Operation oder verletzungsbedingter Sportpause<\/span><\/p>\n<p style=\"text-align: left;\"><span style=\"font-size: 12pt; font-family: helvetica, arial, sans-serif;\">\u2192 <strong>Verbesserung<\/strong> des intra- und intermuskul\u00e4ren Zusammenspiels (Koordination) und der Tiefensensibilit\u00e4t (Propriozeption) mit <strong>Kleinger\u00e4ten<\/strong> wie Posturmed, Sizzlekissen, Slackline, Trampolin &#8230;<br \/>\nZ.B. nach Sportverletzungen und Operationen, aber auch zur<\/span><\/p>\n<p style=\"text-align: left;\"><span style=\"font-size: 12pt; font-family: helvetica, arial, sans-serif;\">\u2192 <strong>Verbesserung<\/strong> des Gleichgewichts, Bek\u00e4mpfung von Gangunsicherheit und Sturzprophylaxle bei neurologischen Erkrankungen z.B. Ataxie, nach Schlaganfall, Multiple Sklerose, Morbus Parkinson uvm.<\/span><\/p>\n<p style=\"text-align: left;\"><span style=\"font-size: 12pt; font-family: helvetica, arial, sans-serif;\">\u2192 <strong>St\u00e4rkung und Aktivierung<\/strong> der tiefliegenden, lokalen, wirbels\u00e4ulennahen Rumpfmuskulatur an der Kletterwand, mit dem Therapiemaster (= Sling excercise therapie) oder einem Matten\u00fcbungsprogramm mit dem eigenen K\u00f6rpergewicht nach dem Functional Trainings Prinzip<\/span><\/p>\n<p style=\"text-align: left;\"><span style=\"font-size: 14pt; font-family: helvetica, arial, sans-serif; color: #2e6f33;\"><em>\u00c4rztl. Verordnung: &#8222;KG am Ger\u00e4t&#8220;<\/em><\/span><\/p>\n<hr \/>\n<p style=\"text-align: left;\"><span style=\"font-family: helvetica, arial, sans-serif;\"><span style=\"font-size: 12pt;\">Ausserdem bieten wir ein\u00a0<\/span><span style=\"font-size: 12pt;\"><span style=\"font-size: 14pt;\"><strong>KGG-Gruppentraining<\/strong><\/span> an:<\/span><\/span><\/p>\n<p style=\"text-align: left;\"><span style=\"font-size: 12pt; font-family: helvetica, arial, sans-serif;\">= Training in kleinen Gruppen (max. 4 Personen) zusammen aber dennnoch individuell (!) betreut unter physiotherapeutischer Anleitung und Aufsicht!<\/span><\/p>\n<p style=\"text-align: left;\"><span style=\"font-size: 12pt; font-family: helvetica, arial, sans-serif;\">= ideale Vorbereitung auf eigenst\u00e4ndiges Training im Fitness Studio oder zu Hause am Ende einer Rehaphase\u00a0\u00b1 12 Wochen nach Verletzung oder Operation im Bereich von Schulter-, Ellbogen, H\u00fcft-, Knie-, oder Sprunggelenk.<\/span><\/p>\n<p style=\"text-align: left;\"><span style=\"font-family: helvetica, arial, sans-serif;\"><img loading=\"lazy\" decoding=\"async\" class=\"aligncenter wp-image-877 size-full\" src=\"https:\/\/test.physioherrmann.de\/wp-content\/uploads\/2017\/03\/Uebungsraum.jpg\" alt=\"\" width=\"1200\" height=\"600\" srcset=\"https:\/\/test.physioherrmann.de\/wp-content\/uploads\/2017\/03\/Uebungsraum.jpg 1200w, https:\/\/test.physioherrmann.de\/wp-content\/uploads\/2017\/03\/Uebungsraum-300x150.jpg 300w, https:\/\/test.physioherrmann.de\/wp-content\/uploads\/2017\/03\/Uebungsraum-768x384.jpg 768w, https:\/\/test.physioherrmann.de\/wp-content\/uploads\/2017\/03\/Uebungsraum-1024x512.jpg 1024w\" sizes=\"auto, (max-width: 1200px) 100vw, 1200px\" \/><\/span><\/p>\n<p style=\"text-align: left;\"><span style=\"font-size: 14pt; color: #2e6f33;\"><span style=\"font-family: helvetica, arial, sans-serif;\"><em><span style=\"font-family: helvetica, arial, sans-serif;\">\u00c4rztl. Verordnung: &#8222;KG am Ger\u00e4t&#8220;<\/span><\/em><\/span><\/span><\/p>\n<p style=\"text-align: left;\"><span style=\"font-size: 12pt; font-family: helvetica, arial, sans-serif;\"><br \/>\n<em>Kurse finden laufend statt.\u00a0N\u00e4here Informationen erhalten Sie gerne in unserer Praxis\u00a0oder telefonisch.<\/em><\/span><\/p>\n","protected":false},"excerpt":{"rendered":"<p>Unser heller und gro\u00dfz\u00fcgig ausgestatteter Trainingsraum bietet auf 80 m\u00b2 viel Raum und M\u00f6glichkeiten der Muskelst\u00e4rkung: \u2192 Ger\u00e4tetraining im Rahmen einer Rehabilitation zur gezielten Kr\u00e4ftigung einzelner, abgeschw\u00e4chter globalen Muskelgruppen z.B. &#8230; <a title=\"KG am Ger\u00e4t\" class=\"read-more\" href=\"https:\/\/test.physioherrmann.de\/?page_id=277\" aria-label=\"Mehr Informationen \u00fcber KG am Ger\u00e4t\">Weiterlesen<\/a><\/p>\n","protected":false},"author":1,"featured_media":0,"parent":112,"menu_order":0,"comment_status":"closed","ping_status":"closed","template":"","meta":{"footnotes":""},"class_list":["post-277","page","type-page","status-publish"],"_links":{"self":[{"href":"https:\/\/test.physioherrmann.de\/index.php?rest_route=\/wp\/v2\/pages\/277","targetHints":{"allow":["GET"]}}],"collection":[{"href":"https:\/\/test.physioherrmann.de\/index.php?rest_route=\/wp\/v2\/pages"}],"about":[{"href":"https:\/\/test.physioherrmann.de\/index.php?rest_route=\/wp\/v2\/types\/page"}],"author":[{"embeddable":true,"href":"https:\/\/test.physioherrmann.de\/index.php?rest_route=\/wp\/v2\/users\/1"}],"replies":[{"embeddable":true,"href":"https:\/\/test.physioherrmann.de\/index.php?rest_route=%2Fwp%2Fv2%2Fcomments&post=277"}],"version-history":[{"count":29,"href":"https:\/\/test.physioherrmann.de\/index.php?rest_route=\/wp\/v2\/pages\/277\/revisions"}],"predecessor-version":[{"id":1610,"href":"https:\/\/test.physioherrmann.de\/index.php?rest_route=\/wp\/v2\/pages\/277\/revisions\/1610"}],"up":[{"embeddable":true,"href":"https:\/\/test.physioherrmann.de\/index.php?rest_route=\/wp\/v2\/pages\/112"}],"wp:attachment":[{"href":"https:\/\/test.physioherrmann.de\/index.php?rest_route=%2Fwp%2Fv2%2Fmedia&parent=277"}],"curies":[{"name":"wp","href":"https:\/\/api.w.org\/{rel}","templated":true}]}}