{"id":282,"date":"2017-03-07T19:06:55","date_gmt":"2017-03-07T19:06:55","guid":{"rendered":"http:\/\/test.physioherrmann.de\/?page_id=282"},"modified":"2023-05-04T07:30:29","modified_gmt":"2023-05-04T07:30:29","slug":"bobath-therapie","status":"publish","type":"page","link":"https:\/\/test.physioherrmann.de\/?page_id=282","title":{"rendered":"Bobath &#8211; Therapie \/ KG ZNS"},"content":{"rendered":"<p style=\"text-align: left;\"><span style=\"font-size: 12pt; font-family: helvetica, arial, sans-serif;\"><img loading=\"lazy\" decoding=\"async\" class=\"aligncenter wp-image-818 size-full\" src=\"https:\/\/test.physioherrmann.de\/wp-content\/uploads\/2017\/03\/Manuelle_Therapie_3_1200x600.jpg\" alt=\"\" width=\"1200\" height=\"600\" srcset=\"https:\/\/test.physioherrmann.de\/wp-content\/uploads\/2017\/03\/Manuelle_Therapie_3_1200x600.jpg 1200w, https:\/\/test.physioherrmann.de\/wp-content\/uploads\/2017\/03\/Manuelle_Therapie_3_1200x600-300x150.jpg 300w, https:\/\/test.physioherrmann.de\/wp-content\/uploads\/2017\/03\/Manuelle_Therapie_3_1200x600-768x384.jpg 768w, https:\/\/test.physioherrmann.de\/wp-content\/uploads\/2017\/03\/Manuelle_Therapie_3_1200x600-1024x512.jpg 1024w\" sizes=\"auto, (max-width: 1200px) 100vw, 1200px\" \/><\/span><\/p>\n<p style=\"text-align: left;\"><span style=\"font-size: 12pt; font-family: helvetica, arial, sans-serif;\"><br \/>\nGezielte, befundsbezogene Behandlung neurologischer Erkrankungen und deren Folgen:<\/span><\/p>\n<div dir=\"auto\">\n<p style=\"text-align: left;\"><span style=\"font-size: 12pt; font-family: helvetica, arial, sans-serif;\">\u2192 Verbesserung der Arm- Hand- Koordination und Spasmushemmung nach Schlaganf\u00e4llen<\/span><\/p>\n<p style=\"text-align: left;\"><span style=\"font-size: 12pt; font-family: helvetica, arial, sans-serif;\">\u2192 \u00fcben und wiederherstellen allt\u00e4glicher Handlungen wie An- und Ausziehen, Treppensteigen, generell Zurechtfinden in den eigenen vier W\u00e4nden (Hausbesuche sind m\u00f6glich und hier auch oft sehr sinnvoll)<\/span><\/p>\n<p style=\"text-align: left;\"><span style=\"font-size: 12pt; font-family: helvetica, arial, sans-serif;\">\u2192 Gleichgewichtstraining, Bek\u00e4mpfung von Gangunsicherheit, Sturzprophylaxe nach Schlaganf\u00e4llen, bei Ataxie, Multiple Sklerose, Morbus Parkinson oder isolierter Muskell\u00e4hmungen in folge peripherer oder zentraler Nervenverletzungen z.B. Fu\u00dfheberschw\u00e4che nach Bendscheibenvorfall<\/span><\/p>\n<p style=\"text-align: left;\"><span style=\"font-size: 12pt; font-family: helvetica, arial, sans-serif;\">\u2192 Schwindeltraining<\/span><\/p>\n<p style=\"text-align: left;\"><span style=\"font-family: helvetica, arial, sans-serif;\">&nbsp;<\/span><\/p>\n<\/div>\n<p><span style=\"font-family: helvetica, arial, sans-serif;\"><img loading=\"lazy\" decoding=\"async\" class=\"aligncenter wp-image-882 size-full\" src=\"https:\/\/test.physioherrmann.de\/wp-content\/uploads\/2017\/03\/Treppe_1200x600.jpg\" alt=\"\" width=\"1200\" height=\"600\" srcset=\"https:\/\/test.physioherrmann.de\/wp-content\/uploads\/2017\/03\/Treppe_1200x600.jpg 1200w, https:\/\/test.physioherrmann.de\/wp-content\/uploads\/2017\/03\/Treppe_1200x600-300x150.jpg 300w, https:\/\/test.physioherrmann.de\/wp-content\/uploads\/2017\/03\/Treppe_1200x600-768x384.jpg 768w, https:\/\/test.physioherrmann.de\/wp-content\/uploads\/2017\/03\/Treppe_1200x600-1024x512.jpg 1024w\" sizes=\"auto, (max-width: 1200px) 100vw, 1200px\" \/><\/span><\/p>\n<div dir=\"auto\">\n<p style=\"text-align: left;\"><span style=\"font-family: helvetica, arial, sans-serif; font-size: 14pt; color: #2e6f33;\"><em>\u00c4rztliche Verordnung: &#8222;KG-ZNS&#8220; od. &#8222;KG Bobath&#8220;<\/em><\/span><\/p>\n<\/div>\n<p style=\"text-align: left;\">\n","protected":false},"excerpt":{"rendered":"<p>Gezielte, befundsbezogene Behandlung neurologischer Erkrankungen und deren Folgen: \u2192 Verbesserung der Arm- Hand- Koordination und Spasmushemmung nach Schlaganf\u00e4llen \u2192 \u00fcben und wiederherstellen allt\u00e4glicher Handlungen wie An- und Ausziehen, Treppensteigen, generell &#8230; <a title=\"Bobath &#8211; Therapie \/ KG ZNS\" class=\"read-more\" href=\"https:\/\/test.physioherrmann.de\/?page_id=282\" aria-label=\"Mehr Informationen \u00fcber Bobath &#8211; Therapie \/ KG ZNS\">Weiterlesen<\/a><\/p>\n","protected":false},"author":1,"featured_media":0,"parent":112,"menu_order":0,"comment_status":"closed","ping_status":"closed","template":"","meta":{"footnotes":""},"class_list":["post-282","page","type-page","status-publish"],"_links":{"self":[{"href":"https:\/\/test.physioherrmann.de\/index.php?rest_route=\/wp\/v2\/pages\/282","targetHints":{"allow":["GET"]}}],"collection":[{"href":"https:\/\/test.physioherrmann.de\/index.php?rest_route=\/wp\/v2\/pages"}],"about":[{"href":"https:\/\/test.physioherrmann.de\/index.php?rest_route=\/wp\/v2\/types\/page"}],"author":[{"embeddable":true,"href":"https:\/\/test.physioherrmann.de\/index.php?rest_route=\/wp\/v2\/users\/1"}],"replies":[{"embeddable":true,"href":"https:\/\/test.physioherrmann.de\/index.php?rest_route=%2Fwp%2Fv2%2Fcomments&post=282"}],"version-history":[{"count":20,"href":"https:\/\/test.physioherrmann.de\/index.php?rest_route=\/wp\/v2\/pages\/282\/revisions"}],"predecessor-version":[{"id":1561,"href":"https:\/\/test.physioherrmann.de\/index.php?rest_route=\/wp\/v2\/pages\/282\/revisions\/1561"}],"up":[{"embeddable":true,"href":"https:\/\/test.physioherrmann.de\/index.php?rest_route=\/wp\/v2\/pages\/112"}],"wp:attachment":[{"href":"https:\/\/test.physioherrmann.de\/index.php?rest_route=%2Fwp%2Fv2%2Fmedia&parent=282"}],"curies":[{"name":"wp","href":"https:\/\/api.w.org\/{rel}","templated":true}]}}