{"id":286,"date":"2017-03-07T19:07:06","date_gmt":"2017-03-07T19:07:06","guid":{"rendered":"http:\/\/test.physioherrmann.de\/?page_id=286"},"modified":"2023-05-04T07:35:52","modified_gmt":"2023-05-04T07:35:52","slug":"physikalische-therapie-ergaenzende-massnahmen","status":"publish","type":"page","link":"https:\/\/test.physioherrmann.de\/?page_id=286","title":{"rendered":"Physikalische Therapie &#8211; Erg\u00e4nzende Ma\u00dfnahmen"},"content":{"rendered":"<p><span style=\"font-size: 14pt; font-family: helvetica, arial, sans-serif;\"><strong>Elektrotherapie \/ Ultraschallanwendung<\/strong><\/span><\/p>\n<p><span style=\"font-family: helvetica, arial, sans-serif;\"><img loading=\"lazy\" decoding=\"async\" class=\"aligncenter wp-image-761 size-full\" src=\"https:\/\/test.physioherrmann.de\/wp-content\/uploads\/2017\/03\/Elektrotherapie_1200x600.jpg\" alt=\"\" width=\"1200\" height=\"600\" srcset=\"https:\/\/test.physioherrmann.de\/wp-content\/uploads\/2017\/03\/Elektrotherapie_1200x600.jpg 1200w, https:\/\/test.physioherrmann.de\/wp-content\/uploads\/2017\/03\/Elektrotherapie_1200x600-300x150.jpg 300w, https:\/\/test.physioherrmann.de\/wp-content\/uploads\/2017\/03\/Elektrotherapie_1200x600-768x384.jpg 768w, https:\/\/test.physioherrmann.de\/wp-content\/uploads\/2017\/03\/Elektrotherapie_1200x600-1024x512.jpg 1024w\" sizes=\"auto, (max-width: 1200px) 100vw, 1200px\" \/><\/span><\/p>\n<p><span style=\"font-size: 12pt; font-family: helvetica, arial, sans-serif;\">\u2192\u00a0in der Sporttherapie unverzichtbare erg\u00e4nzende Therapiema\u00dfnahmen durch das Einschleusen von entz\u00fcndungshemmenden und schmerzlindernden Salben mithilfe von Elektrotherapie oder dem Ultraschallkopf (= Elektro-\/Sonophorese) kann man auf sanfte Weise positiv auf akute stumpfe Sportverletzungen wie z.B. Zerrungen von Kapsel- Bandapparat oder Muskelfaserrisse etc. einwirken. \u21d2 Beschleunigung der Zellneubildung \u21d2 Unterst\u00fctzung der K\u00f6rperselbstheilung.<\/span><\/p>\n<p><span style=\"font-size: 14pt; color: #2e6f33;\"><span style=\"font-family: helvetica, arial, sans-serif;\"><em>\u00c4rztl. Verordnung: \u201eElektrotherapie\u201d \/ \u201eUltraschall\u201d oder \u201eW\u00e4rmetherapie\u201d<\/em><\/span><\/span><\/p>\n<p><span style=\"font-size: 12pt; font-family: helvetica, arial, sans-serif;\">\u2192 \u00a0Gezielte Stimulation abgeschw\u00e4chter \/ gel\u00e4hmter Muskeln nach Trauma oder Fu\u00dfheberschw\u00e4che nach Schlaganfall<\/span><\/p>\n<p><span style=\"font-size: 14pt; font-family: helvetica, arial, sans-serif; color: #2e6f33;\"><em>\u00c4rztl. Verordnung: \u201eElektrostimulation\u201d<\/em><\/span><\/p>\n<hr \/>\n<p><span style=\"font-size: 14pt; font-family: helvetica, arial, sans-serif;\"><strong>Fangopackungen \/ Hei\u00dfluftanwendungen (=Infrarotlicht)<\/strong><\/span><\/p>\n<p><span style=\"font-size: 12pt; font-family: helvetica, arial, sans-serif;\">Verbessert die lokale Durchblutungssituation, wirkt entspannend und schmerzlindernd auf verh\u00e4rtete und schmerzhafte Muskelpartien (Myogelosen). Je nach Indikation vor oder im Anschlu\u00df an die Behandlung, zum Nachruhen, sinnvoll.<\/span><\/p>\n<p><span style=\"font-size: 14pt; font-family: helvetica, arial, sans-serif; color: #2e6f33;\"><em>\u00c4rztl. Verordnung: \u201eFangopackung\u201d, \u201eW\u00e4rmetherapie\u201d (= Hei\u00dfluft)<\/em><\/span><\/p>\n<hr \/>\n<p><span style=\"font-size: 14pt; font-family: helvetica, arial, sans-serif;\"><strong>Medical Flossing<\/strong><\/span><\/p>\n<p><span style=\"font-family: helvetica, arial, sans-serif;\"><img loading=\"lazy\" decoding=\"async\" class=\"aligncenter wp-image-842 size-full\" src=\"https:\/\/test.physioherrmann.de\/wp-content\/uploads\/2017\/03\/Medical_Flossing_1200x600-1.jpg\" alt=\"\" width=\"1200\" height=\"600\" srcset=\"https:\/\/test.physioherrmann.de\/wp-content\/uploads\/2017\/03\/Medical_Flossing_1200x600-1.jpg 1200w, https:\/\/test.physioherrmann.de\/wp-content\/uploads\/2017\/03\/Medical_Flossing_1200x600-1-300x150.jpg 300w, https:\/\/test.physioherrmann.de\/wp-content\/uploads\/2017\/03\/Medical_Flossing_1200x600-1-768x384.jpg 768w, https:\/\/test.physioherrmann.de\/wp-content\/uploads\/2017\/03\/Medical_Flossing_1200x600-1-1024x512.jpg 1024w\" sizes=\"auto, (max-width: 1200px) 100vw, 1200px\" \/><\/span><\/p>\n<p><span style=\"font-size: 12pt; font-family: helvetica, arial, sans-serif;\">Einsatzgebiete: <\/span><br \/>\n<span style=\"font-size: 12pt; font-family: helvetica, arial, sans-serif;\"> Kurzzeitige, intensive Kompressionstherapie mit dem elastischen Flossingband regt zellul\u00e4re Stoffwechselprozesse an, sowie die Ern\u00e4hrung des Bindegewebes\u00a0\u21d2 die Gleitf\u00e4higkeit myofaszialer Strukturen wird verbessert.\u00a0<\/span><\/p>\n<ul>\n<li><span style=\"font-size: 12pt; font-family: helvetica, arial, sans-serif;\">Sportverletzungen z.B. Muskelzerrungen, B\u00e4nderdehnungen<\/span><\/li>\n<li><span style=\"font-size: 12pt; font-family: helvetica, arial, sans-serif;\">Sehnen (ansatz-) Reizungen z.B. Golf- od. Tennisellbogen, Achillodynien<\/span><\/li>\n<li><span style=\"font-size: 12pt; font-family: helvetica, arial, sans-serif;\"><span style=\"font-size: 12pt;\">Verbesserung eingeschr\u00e4nkter Beweglichkeit nach Verletzungen und OP\u00b4s<\/span><\/span><\/li>\n<\/ul>\n<hr \/>\n<p><span style=\"font-size: 14pt; font-family: helvetica, arial, sans-serif;\"><strong>Kinesiotaping<\/strong><\/span><\/p>\n<p><span style=\"font-family: helvetica, arial, sans-serif;\"><img loading=\"lazy\" decoding=\"async\" class=\"aligncenter wp-image-840 size-full\" src=\"https:\/\/test.physioherrmann.de\/wp-content\/uploads\/2017\/03\/K-Active-2.jpg\" alt=\"\" width=\"1200\" height=\"600\" srcset=\"https:\/\/test.physioherrmann.de\/wp-content\/uploads\/2017\/03\/K-Active-2.jpg 1200w, https:\/\/test.physioherrmann.de\/wp-content\/uploads\/2017\/03\/K-Active-2-300x150.jpg 300w, https:\/\/test.physioherrmann.de\/wp-content\/uploads\/2017\/03\/K-Active-2-768x384.jpg 768w, https:\/\/test.physioherrmann.de\/wp-content\/uploads\/2017\/03\/K-Active-2-1024x512.jpg 1024w\" sizes=\"auto, (max-width: 1200px) 100vw, 1200px\" \/><\/span><\/p>\n<p><span style=\"font-size: 12pt; font-family: helvetica, arial, sans-serif;\">Aktivierung k\u00f6rpereigener Prozesse mit gezielten Anlagetechniken dieser speziell entwickelten elastischen Tapes mit w\u00e4rmeaktivem Polyacrylkleber durch die Stimulierung verschiedener (K\u00f6rper-) Rezeptoren. Damit kann man verschiedenste Ziele\u00a0verfolgen:<\/span><\/p>\n<ul>\n<li><span style=\"font-size: 12pt; font-family: helvetica, arial, sans-serif;\">Tonusver\u00e4nderung von Muskelpartien<\/span><\/li>\n<li><span style=\"font-size: 12pt; font-family: helvetica, arial, sans-serif;\">Verbesserung der Faszienverschiebbarkeit<\/span><\/li>\n<li><span style=\"font-size: 12pt; font-family: helvetica, arial, sans-serif;\">Anregung des Lymphflusses<\/span><\/li>\n<li><span style=\"font-size: 12pt; font-family: helvetica, arial, sans-serif;\">Narbenbehandlung<\/span><\/li>\n<li><span style=\"font-size: 12pt; font-family: helvetica, arial, sans-serif;\">Steigerung der Trainingseffektivit\u00e4t bei Anlage vor Propriozeptions- und Stabilisationstraining<br \/>\n<\/span><\/li>\n<\/ul>\n<hr \/>\n<p><span style=\"font-size: 14pt; font-family: helvetica, arial, sans-serif;\"><strong>Schlingentisch<\/strong><\/span><\/p>\n<p><span style=\"font-size: 12pt; font-family: helvetica, arial, sans-serif;\">Schmerzlinderung und Entlasstung von \u00a0Bandscheiben und bestimmter Wirbels\u00e4ulenabschnitten (LWS, BWS oder HWS) durch\u00a0\u201eAush\u00e4ngen\u201d in spezieller Schlingenvorrichtung<\/span><\/p>\n<p><span style=\"font-size: 14pt; font-family: helvetica, arial, sans-serif; color: #2e6f33;\"><em>\u00c4rztl. Verordnung: \u201eSchlingentisch\u201d oder \u201eTraktionsbehandlung\u201d<\/em><\/span><\/p>\n<hr \/>\n<p><span style=\"font-size: 14pt; font-family: helvetica, arial, sans-serif;\"><strong>Beckenbodengymnastik<\/strong><\/span><\/p>\n<p><span style=\"font-size: 12pt; font-family: helvetica, arial, sans-serif;\">Anleitung und Erarbeitung spezieller Kr\u00e4ftigungs\u00fcbungen f\u00fcr die Beckenbodenmuskulatur bei:<\/span><\/p>\n<ul>\n<li><span style=\"font-size: 12pt; font-family: helvetica, arial, sans-serif;\">Stressinkontinenz z.B. Beckenbodenschw\u00e4che nach Entbindung\u00a0<\/span><\/li>\n<li><span style=\"font-size: 12pt; font-family: helvetica, arial, sans-serif;\">Dranginkontinenz<\/span><\/li>\n<li><span style=\"font-size: 12pt; font-family: helvetica, arial, sans-serif;\">Senkung von Geb\u00e4rmutter oder Blase bzw. postoperativ<\/span><\/li>\n<li><span style=\"font-size: 12pt; font-family: helvetica, arial, sans-serif;\">Nach Prostataoperation<\/span><\/li>\n<\/ul>\n<p><span style=\"font-size: 14pt; font-family: helvetica, arial, sans-serif; color: #2e6f33;\"><em>\u00c4rztl. Verordnung: \u201eKrankengymnastik\u201d oder \u201eManuelle Therapie\u201d\u00a0<\/em><\/span><\/p>\n<hr \/>\n<p><span style=\"font-size: 14pt; font-family: helvetica, arial, sans-serif;\"><strong>Wirbels\u00e4ulengymnastik<\/strong><\/span><\/p>\n<ul>\n<li><span style=\"font-size: 12pt; font-family: helvetica, arial, sans-serif;\">Funktionelle Ganzk\u00f6rper\u00fcbungen mit dem eigenen K\u00f6rpergewicht und diversen Kleinger\u00e4ten<\/span><\/li>\n<li><span style=\"font-size: 12pt; font-family: helvetica, arial, sans-serif;\">Abgeschlossener Wirbels\u00e4ulenkurs mit jeweils 8 Einheiten<\/span><\/li>\n<li><span style=\"font-size: 12pt; font-family: helvetica, arial, sans-serif;\">In 2 verschiedenen Schwierigkeitsstufen:<br \/>\n<\/span><\/li>\n<\/ul>\n<ol>\n<li><span style=\"font-size: 12pt; font-family: helvetica, arial, sans-serif;\"><strong>Mit einem stabilen R\u00fccken:<\/strong> schonendes Matten\u00fcbungsprogramm f\u00fcr den ganzen K\u00f6rper, Hauptaugenmerk liegt dabei gleichermassen in Mobilisations- und Dehn\u00fcbungen, wie auch der Muskelkr\u00e4ftigung<br \/>\n<\/span><\/li>\n<li><span style=\"font-size: 12pt; font-family: helvetica, arial, sans-serif;\"><strong>R\u00fcckenfit U50:\u00a0<\/strong>ambitioniertes Ganzk\u00f6rpertraining f\u00fcr sportlich Junggebliebene, wobei U50 keine Vorraussetzung ist. Nach dem Functional Trainingsprinzip mit Elementen aus dem Core Programm (nach Mark Verstegen und Co.)<\/span><\/li>\n<\/ol>\n<p><span style=\"font-size: 12pt; font-family: helvetica, arial, sans-serif;\">Die Kursgeb\u00fchr betr\u00e4gt 80\u20ac.<\/span><\/p>\n","protected":false},"excerpt":{"rendered":"<p>Elektrotherapie \/ Ultraschallanwendung \u2192\u00a0in der Sporttherapie unverzichtbare erg\u00e4nzende Therapiema\u00dfnahmen durch das Einschleusen von entz\u00fcndungshemmenden und schmerzlindernden Salben mithilfe von Elektrotherapie oder dem Ultraschallkopf (= Elektro-\/Sonophorese) kann man auf sanfte Weise &#8230; <a title=\"Physikalische Therapie &#8211; Erg\u00e4nzende Ma\u00dfnahmen\" class=\"read-more\" href=\"https:\/\/test.physioherrmann.de\/?page_id=286\" aria-label=\"Mehr Informationen \u00fcber Physikalische Therapie &#8211; Erg\u00e4nzende Ma\u00dfnahmen\">Weiterlesen<\/a><\/p>\n","protected":false},"author":1,"featured_media":0,"parent":112,"menu_order":0,"comment_status":"closed","ping_status":"closed","template":"","meta":{"footnotes":""},"class_list":["post-286","page","type-page","status-publish"],"_links":{"self":[{"href":"https:\/\/test.physioherrmann.de\/index.php?rest_route=\/wp\/v2\/pages\/286","targetHints":{"allow":["GET"]}}],"collection":[{"href":"https:\/\/test.physioherrmann.de\/index.php?rest_route=\/wp\/v2\/pages"}],"about":[{"href":"https:\/\/test.physioherrmann.de\/index.php?rest_route=\/wp\/v2\/types\/page"}],"author":[{"embeddable":true,"href":"https:\/\/test.physioherrmann.de\/index.php?rest_route=\/wp\/v2\/users\/1"}],"replies":[{"embeddable":true,"href":"https:\/\/test.physioherrmann.de\/index.php?rest_route=%2Fwp%2Fv2%2Fcomments&post=286"}],"version-history":[{"count":48,"href":"https:\/\/test.physioherrmann.de\/index.php?rest_route=\/wp\/v2\/pages\/286\/revisions"}],"predecessor-version":[{"id":1567,"href":"https:\/\/test.physioherrmann.de\/index.php?rest_route=\/wp\/v2\/pages\/286\/revisions\/1567"}],"up":[{"embeddable":true,"href":"https:\/\/test.physioherrmann.de\/index.php?rest_route=\/wp\/v2\/pages\/112"}],"wp:attachment":[{"href":"https:\/\/test.physioherrmann.de\/index.php?rest_route=%2Fwp%2Fv2%2Fmedia&parent=286"}],"curies":[{"name":"wp","href":"https:\/\/api.w.org\/{rel}","templated":true}]}}