{"id":438,"date":"2017-03-10T12:40:23","date_gmt":"2017-03-10T12:40:23","guid":{"rendered":"http:\/\/test.physioherrmann.de\/?page_id=438"},"modified":"2023-08-12T08:43:28","modified_gmt":"2023-08-12T08:43:28","slug":"team-members","status":"publish","type":"page","link":"https:\/\/test.physioherrmann.de\/?page_id=438","title":{"rendered":"Unser Team"},"content":{"rendered":"\n<div class=\"wp-block-group alignwide\"><div class=\"wp-block-group__inner-container is-layout-constrained wp-block-group-is-layout-constrained\">\n<div class=\"wp-block-media-text alignwide is-stacked-on-mobile\" style=\"grid-template-columns:20% auto\"><figure class=\"wp-block-media-text__media\"><img loading=\"lazy\" decoding=\"async\" width=\"500\" height=\"750\" src=\"https:\/\/test.physioherrmann.de\/wp-content\/uploads\/2023\/06\/Juergen-1.jpg\" alt=\"\" class=\"wp-image-1595 size-full\" srcset=\"https:\/\/test.physioherrmann.de\/wp-content\/uploads\/2023\/06\/Juergen-1.jpg 500w, https:\/\/test.physioherrmann.de\/wp-content\/uploads\/2023\/06\/Juergen-1-200x300.jpg 200w\" sizes=\"auto, (max-width: 500px) 100vw, 500px\" \/><\/figure><div class=\"wp-block-media-text__content\">\n<p><\/p>\n\n\n\n<p class=\"has-text-color\" style=\"color:#2e6f33\"><strong>J\u00fcrgen Herrmann<\/strong>&nbsp;<em>(Gesch\u00e4ftsf\u00fchrer)<\/em><\/p>\n\n\n\n<p>Staatlich gepr\u00fcfter Physiotherapeut<br>Manualtherapeut<br>Sportphysiotherapeut<br>Manuelle Lymphdrainage (F\u00f6ldi)<br>Bobaththerapeut<br>Funktionelle Trainingstherapie (OsPhysio)<br>Skoliosetherapie<br>Mitglied der internationalen Akademie f\u00fcr orthop\u00e4dische Medizin (IAOM)<\/p>\n<\/div><\/div>\n\n\n\n<div style=\"height:100px\" aria-hidden=\"true\" class=\"wp-block-spacer\"><\/div>\n\n\n\n<div class=\"wp-block-media-text alignwide is-stacked-on-mobile\" style=\"grid-template-columns:20% auto\"><figure class=\"wp-block-media-text__media\"><img loading=\"lazy\" decoding=\"async\" width=\"500\" height=\"750\" src=\"https:\/\/test.physioherrmann.de\/wp-content\/uploads\/2023\/06\/Steffi.jpg\" alt=\"\" class=\"wp-image-1594 size-full\" srcset=\"https:\/\/test.physioherrmann.de\/wp-content\/uploads\/2023\/06\/Steffi.jpg 500w, https:\/\/test.physioherrmann.de\/wp-content\/uploads\/2023\/06\/Steffi-200x300.jpg 200w\" sizes=\"auto, (max-width: 500px) 100vw, 500px\" \/><\/figure><div class=\"wp-block-media-text__content\">\n<p><\/p>\n\n\n\n<p class=\"has-text-color\" style=\"color:#2e6f33\"><strong>Steffi Herrmann<\/strong><\/p>\n\n\n\n<p>Staatlich gepr\u00fcfte Physiotherapeutin<br>Manualtherapeutin<br>KG am Ger\u00e4t \/ Return to Sports-Tests <br>Manuelle Lymphdrainage (Dr. Vodder)<br>Nordic Walking- und Beckenbodeninstruktorin<br>Staatlich gepr\u00fcfte Ski-und Langlauflehrerin<br>Heilpraktikerin<br>Mitglied der internationalen Akademie f\u00fcr orthop\u00e4dische Medizin (IAOM)<\/p>\n<\/div><\/div>\n\n\n\n<div style=\"height:100px\" aria-hidden=\"true\" class=\"wp-block-spacer\"><\/div>\n\n\n\n<div class=\"wp-block-media-text alignwide is-stacked-on-mobile\" style=\"grid-template-columns:20% auto\"><figure class=\"wp-block-media-text__media\"><img loading=\"lazy\" decoding=\"async\" width=\"500\" height=\"750\" src=\"https:\/\/test.physioherrmann.de\/wp-content\/uploads\/2023\/06\/Heike.jpg\" alt=\"\" class=\"wp-image-1597 size-full\" srcset=\"https:\/\/test.physioherrmann.de\/wp-content\/uploads\/2023\/06\/Heike.jpg 500w, https:\/\/test.physioherrmann.de\/wp-content\/uploads\/2023\/06\/Heike-200x300.jpg 200w\" sizes=\"auto, (max-width: 500px) 100vw, 500px\" \/><\/figure><div class=\"wp-block-media-text__content\">\n<p><\/p>\n\n\n\n<p class=\"has-text-color\" style=\"color:#2e6f33\"><strong>Heike Happ<\/strong><\/p>\n\n\n\n<p>Staatlich gepr\u00fcfte Physiotherapeutin<br>Manualtherapeutin<br>Bobath-Therapeutin<br>KG am Ger\u00e4t <br>Manuelle Lymphdrainage (Dr. Vodder)<br><\/p>\n<\/div><\/div>\n<\/div><\/div>\n\n\n\n<div style=\"height:100px\" aria-hidden=\"true\" class=\"wp-block-spacer\"><\/div>\n\n\n\n<div class=\"wp-block-group\"><div class=\"wp-block-group__inner-container is-layout-flow wp-block-group-is-layout-flow\"><\/div><\/div>\n","protected":false},"excerpt":{"rendered":"<p>J\u00fcrgen Herrmann&nbsp;(Gesch\u00e4ftsf\u00fchrer) Staatlich gepr\u00fcfter PhysiotherapeutManualtherapeutSportphysiotherapeutManuelle Lymphdrainage (F\u00f6ldi)BobaththerapeutFunktionelle Trainingstherapie (OsPhysio)SkoliosetherapieMitglied der internationalen Akademie f\u00fcr orthop\u00e4dische Medizin (IAOM) Steffi Herrmann Staatlich gepr\u00fcfte PhysiotherapeutinManualtherapeutinKG am Ger\u00e4t \/ Return to Sports-Tests Manuelle Lymphdrainage (Dr. &#8230; <a title=\"Unser Team\" class=\"read-more\" href=\"https:\/\/test.physioherrmann.de\/?page_id=438\" aria-label=\"Mehr Informationen \u00fcber Unser Team\">Weiterlesen<\/a><\/p>\n","protected":false},"author":1,"featured_media":0,"parent":0,"menu_order":0,"comment_status":"closed","ping_status":"closed","template":"","meta":{"footnotes":""},"class_list":["post-438","page","type-page","status-publish"],"_links":{"self":[{"href":"https:\/\/test.physioherrmann.de\/index.php?rest_route=\/wp\/v2\/pages\/438","targetHints":{"allow":["GET"]}}],"collection":[{"href":"https:\/\/test.physioherrmann.de\/index.php?rest_route=\/wp\/v2\/pages"}],"about":[{"href":"https:\/\/test.physioherrmann.de\/index.php?rest_route=\/wp\/v2\/types\/page"}],"author":[{"embeddable":true,"href":"https:\/\/test.physioherrmann.de\/index.php?rest_route=\/wp\/v2\/users\/1"}],"replies":[{"embeddable":true,"href":"https:\/\/test.physioherrmann.de\/index.php?rest_route=%2Fwp%2Fv2%2Fcomments&post=438"}],"version-history":[{"count":115,"href":"https:\/\/test.physioherrmann.de\/index.php?rest_route=\/wp\/v2\/pages\/438\/revisions"}],"predecessor-version":[{"id":1630,"href":"https:\/\/test.physioherrmann.de\/index.php?rest_route=\/wp\/v2\/pages\/438\/revisions\/1630"}],"wp:attachment":[{"href":"https:\/\/test.physioherrmann.de\/index.php?rest_route=%2Fwp%2Fv2%2Fmedia&parent=438"}],"curies":[{"name":"wp","href":"https:\/\/api.w.org\/{rel}","templated":true}]}}