{"id":538,"date":"2017-03-18T08:30:49","date_gmt":"2017-03-18T08:30:49","guid":{"rendered":"http:\/\/test.physioherrmann.de\/?page_id=538"},"modified":"2021-02-11T11:34:28","modified_gmt":"2021-02-11T11:34:28","slug":"privatkurse-einzelstunden","status":"publish","type":"page","link":"https:\/\/test.physioherrmann.de\/?page_id=538","title":{"rendered":"Privatkurse \/ Einzelstunden"},"content":{"rendered":"<p><img loading=\"lazy\" decoding=\"async\" class=\"aligncenter wp-image-764 size-full\" src=\"https:\/\/test.physioherrmann.de\/wp-content\/uploads\/2017\/03\/Schlingentisch_1200x600.jpg\" alt=\"\" width=\"1200\" height=\"600\" srcset=\"https:\/\/test.physioherrmann.de\/wp-content\/uploads\/2017\/03\/Schlingentisch_1200x600.jpg 1200w, https:\/\/test.physioherrmann.de\/wp-content\/uploads\/2017\/03\/Schlingentisch_1200x600-300x150.jpg 300w, https:\/\/test.physioherrmann.de\/wp-content\/uploads\/2017\/03\/Schlingentisch_1200x600-768x384.jpg 768w, https:\/\/test.physioherrmann.de\/wp-content\/uploads\/2017\/03\/Schlingentisch_1200x600-1024x512.jpg 1024w\" sizes=\"auto, (max-width: 1200px) 100vw, 1200px\" \/><\/p>\n<p><span style=\"font-size: 12pt; font-family: helvetica, arial, sans-serif;\">Durch ihre Zusatz-Ausbildung zur <strong>Staatlich gepr\u00fcften Ski- und Langlauflehrerin<\/strong> und <strong>Nordic Walking Trainerin<\/strong> k\u00f6nnen Sie bei Steffi Herrmann jederzeit Privatkurse im<\/span><\/p>\n<p style=\"padding-left: 30px;\"><span style=\"font-family: helvetica,arial,sans-serif; font-size: 12pt;\"><strong>\u2022 Alpinen Skifahren<\/strong><\/span><br \/>\n<span style=\"font-size: 12pt; font-family: helvetica, arial, sans-serif;\"> <strong>\u2022 Langlaufen<\/strong><\/span><br \/>\n<span style=\"font-size: 12pt; font-family: helvetica, arial, sans-serif;\"> <strong>\u2022 Nordic Walking<\/strong> buchen.<\/span><\/p>\n<p><span style=\"font-size: 12pt; font-family: helvetica, arial, sans-serif;\">Gerade nach Gelenksoperationen oder Wiedereinstieg nach Verletzung, gibt es viele M\u00f6glichkeiten Material und Technik an die eigenen k\u00f6rperlichen Voraussetzungen anzupassen. H\u00e4ufig muss man nur Kleinigkeiten \u00e4ndern, um seinen Sport wieder beschwerdefrei ausf\u00fchren zu k\u00f6nnen. Z.B. leidet der Schulterg\u00fcrtel h\u00e4ufig unter dem falschen Einsatz der St\u00f6cke\u00a0\u21d2 dem kann h\u00e4ufig, durch Umstellung von Kleinigkeiten, abgeholfen werden. <strong>Aber:<\/strong> Man muss sein Problem erst erkennen, um es abbauen zu k\u00f6nnen!<\/span><\/p>\n<p><span style=\"font-size: 12pt; font-family: helvetica, arial, sans-serif;\">Steffi Herrmann unterst\u00fctzt Sie gerne dabei!<\/span><\/p>\n<p><span style=\"font-size: 12pt; font-family: helvetica, arial, sans-serif;\">Kosten: 50,- \u20ac je Stunde, jede weitere Person zus\u00e4tzlich\u00a010,- \u20ac<\/span><\/p>\n","protected":false},"excerpt":{"rendered":"<p>Durch ihre Zusatz-Ausbildung zur Staatlich gepr\u00fcften Ski- und Langlauflehrerin und Nordic Walking Trainerin k\u00f6nnen Sie bei Steffi Herrmann jederzeit Privatkurse im \u2022 Alpinen Skifahren \u2022 Langlaufen \u2022 Nordic Walking buchen. &#8230; <a title=\"Privatkurse \/ Einzelstunden\" class=\"read-more\" href=\"https:\/\/test.physioherrmann.de\/?page_id=538\" aria-label=\"Mehr Informationen \u00fcber Privatkurse \/ Einzelstunden\">Weiterlesen<\/a><\/p>\n","protected":false},"author":1,"featured_media":0,"parent":114,"menu_order":0,"comment_status":"closed","ping_status":"closed","template":"","meta":{"footnotes":""},"class_list":["post-538","page","type-page","status-publish"],"_links":{"self":[{"href":"https:\/\/test.physioherrmann.de\/index.php?rest_route=\/wp\/v2\/pages\/538","targetHints":{"allow":["GET"]}}],"collection":[{"href":"https:\/\/test.physioherrmann.de\/index.php?rest_route=\/wp\/v2\/pages"}],"about":[{"href":"https:\/\/test.physioherrmann.de\/index.php?rest_route=\/wp\/v2\/types\/page"}],"author":[{"embeddable":true,"href":"https:\/\/test.physioherrmann.de\/index.php?rest_route=\/wp\/v2\/users\/1"}],"replies":[{"embeddable":true,"href":"https:\/\/test.physioherrmann.de\/index.php?rest_route=%2Fwp%2Fv2%2Fcomments&post=538"}],"version-history":[{"count":10,"href":"https:\/\/test.physioherrmann.de\/index.php?rest_route=\/wp\/v2\/pages\/538\/revisions"}],"predecessor-version":[{"id":1509,"href":"https:\/\/test.physioherrmann.de\/index.php?rest_route=\/wp\/v2\/pages\/538\/revisions\/1509"}],"up":[{"embeddable":true,"href":"https:\/\/test.physioherrmann.de\/index.php?rest_route=\/wp\/v2\/pages\/114"}],"wp:attachment":[{"href":"https:\/\/test.physioherrmann.de\/index.php?rest_route=%2Fwp%2Fv2%2Fmedia&parent=538"}],"curies":[{"name":"wp","href":"https:\/\/api.w.org\/{rel}","templated":true}]}}