{"id":540,"date":"2017-03-18T08:31:08","date_gmt":"2017-03-18T08:31:08","guid":{"rendered":"http:\/\/test.physioherrmann.de\/?page_id=540"},"modified":"2020-06-10T13:38:27","modified_gmt":"2020-06-10T13:38:27","slug":"kinesiotaping","status":"publish","type":"page","link":"https:\/\/test.physioherrmann.de\/?page_id=540","title":{"rendered":"Kinesiotaping"},"content":{"rendered":"<p><span style=\"font-family: helvetica, arial, sans-serif;\"><img loading=\"lazy\" decoding=\"async\" class=\"aligncenter wp-image-840 size-full\" src=\"https:\/\/test.physioherrmann.de\/wp-content\/uploads\/2017\/03\/K-Active-2.jpg\" alt=\"\" width=\"1200\" height=\"600\" srcset=\"https:\/\/test.physioherrmann.de\/wp-content\/uploads\/2017\/03\/K-Active-2.jpg 1200w, https:\/\/test.physioherrmann.de\/wp-content\/uploads\/2017\/03\/K-Active-2-300x150.jpg 300w, https:\/\/test.physioherrmann.de\/wp-content\/uploads\/2017\/03\/K-Active-2-768x384.jpg 768w, https:\/\/test.physioherrmann.de\/wp-content\/uploads\/2017\/03\/K-Active-2-1024x512.jpg 1024w\" sizes=\"auto, (max-width: 1200px) 100vw, 1200px\" \/><\/span><\/p>\n<p><span style=\"font-size: 12pt; font-family: helvetica, arial, sans-serif;\">Aktivierung k\u00f6rpereigener Prozesse mit gezielten Anlagetechniken dieser speziell entwickelten elastischen Tapes mit w\u00e4rmeaktivem Polycrylkleber durch die Stimulierung verschiedener (K\u00f6rper-) Rezeptoren, damit kann man verschiedenste Strukturen verfolgen:<\/span><\/p>\n<ul>\n<li><span style=\"font-family: helvetica,arial,sans-serif; font-size: 12pt;\">Tonusver\u00e4nderung von Muskelpartien<\/span><\/li>\n<li><span style=\"font-family: helvetica,arial,sans-serif; font-size: 12pt;\">Verbesserung der Faszienverschiebbarkeit<\/span><\/li>\n<li><span style=\"font-family: helvetica,arial,sans-serif; font-size: 12pt;\">Anregung des Lymhflusses<\/span><\/li>\n<li><span style=\"font-family: helvetica,arial,sans-serif; font-size: 12pt;\">Narbenbehandlung<\/span><\/li>\n<li><span style=\"font-family: helvetica,arial,sans-serif; font-size: 12pt;\">Steigerung der Trainingseffektivit\u00e4t bei Anlage vor propriozeptivem- und Stabilisationstraining<\/span><\/li>\n<\/ul>\n<p><span style=\"font-size: 12pt; font-family: helvetica, arial, sans-serif;\">Kosten: Je nach Materialaufwand 10,- bis 18,-\u00a0\u20ac \/ Tapeanlage mit dem <strong>Original K- Active Tape<\/strong><\/span><\/p>\n","protected":false},"excerpt":{"rendered":"<p>Aktivierung k\u00f6rpereigener Prozesse mit gezielten Anlagetechniken dieser speziell entwickelten elastischen Tapes mit w\u00e4rmeaktivem Polycrylkleber durch die Stimulierung verschiedener (K\u00f6rper-) Rezeptoren, damit kann man verschiedenste Strukturen verfolgen: Tonusver\u00e4nderung von Muskelpartien Verbesserung &#8230; <a title=\"Kinesiotaping\" class=\"read-more\" href=\"https:\/\/test.physioherrmann.de\/?page_id=540\" aria-label=\"Mehr Informationen \u00fcber Kinesiotaping\">Weiterlesen<\/a><\/p>\n","protected":false},"author":1,"featured_media":0,"parent":114,"menu_order":0,"comment_status":"closed","ping_status":"closed","template":"","meta":{"footnotes":""},"class_list":["post-540","page","type-page","status-publish"],"_links":{"self":[{"href":"https:\/\/test.physioherrmann.de\/index.php?rest_route=\/wp\/v2\/pages\/540","targetHints":{"allow":["GET"]}}],"collection":[{"href":"https:\/\/test.physioherrmann.de\/index.php?rest_route=\/wp\/v2\/pages"}],"about":[{"href":"https:\/\/test.physioherrmann.de\/index.php?rest_route=\/wp\/v2\/types\/page"}],"author":[{"embeddable":true,"href":"https:\/\/test.physioherrmann.de\/index.php?rest_route=\/wp\/v2\/users\/1"}],"replies":[{"embeddable":true,"href":"https:\/\/test.physioherrmann.de\/index.php?rest_route=%2Fwp%2Fv2%2Fcomments&post=540"}],"version-history":[{"count":12,"href":"https:\/\/test.physioherrmann.de\/index.php?rest_route=\/wp\/v2\/pages\/540\/revisions"}],"predecessor-version":[{"id":1435,"href":"https:\/\/test.physioherrmann.de\/index.php?rest_route=\/wp\/v2\/pages\/540\/revisions\/1435"}],"up":[{"embeddable":true,"href":"https:\/\/test.physioherrmann.de\/index.php?rest_route=\/wp\/v2\/pages\/114"}],"wp:attachment":[{"href":"https:\/\/test.physioherrmann.de\/index.php?rest_route=%2Fwp%2Fv2%2Fmedia&parent=540"}],"curies":[{"name":"wp","href":"https:\/\/api.w.org\/{rel}","templated":true}]}}