{"id":542,"date":"2017-03-18T08:31:24","date_gmt":"2017-03-18T08:31:24","guid":{"rendered":"http:\/\/test.physioherrmann.de\/?page_id=542"},"modified":"2020-06-10T13:38:56","modified_gmt":"2020-06-10T13:38:56","slug":"schroepf-kopf-massage","status":"publish","type":"page","link":"https:\/\/test.physioherrmann.de\/?page_id=542","title":{"rendered":"Schr\u00f6pf &#8211; Kopf &#8211; Massage"},"content":{"rendered":"<p><span style=\"font-family: helvetica, arial, sans-serif;\"><img loading=\"lazy\" decoding=\"async\" class=\"aligncenter wp-image-789 size-full\" src=\"https:\/\/test.physioherrmann.de\/wp-content\/uploads\/2017\/03\/Schroepfmassage_1200x600.jpg\" alt=\"\" width=\"1200\" height=\"600\" srcset=\"https:\/\/test.physioherrmann.de\/wp-content\/uploads\/2017\/03\/Schroepfmassage_1200x600.jpg 1200w, https:\/\/test.physioherrmann.de\/wp-content\/uploads\/2017\/03\/Schroepfmassage_1200x600-300x150.jpg 300w, https:\/\/test.physioherrmann.de\/wp-content\/uploads\/2017\/03\/Schroepfmassage_1200x600-768x384.jpg 768w, https:\/\/test.physioherrmann.de\/wp-content\/uploads\/2017\/03\/Schroepfmassage_1200x600-1024x512.jpg 1024w\" sizes=\"auto, (max-width: 1200px) 100vw, 1200px\" \/><\/span><\/p>\n<p><span style=\"font-family: helvetica, arial, sans-serif;\">Bew\u00e4hrte\u00a0Reiztherapie, die zu den ausleitenden Verfahren z\u00e4hlt.<\/span><\/p>\n<p><span style=\"font-family: helvetica, arial, sans-serif;\">Beim Aufsetzen der Schr\u00f6pfgl\u00e4ser auf die Haut wird ein Unterdruck erzeugt und kann so \u00fcber die gew\u00fcnschten K\u00f6rperareale verschoben werden.<\/span><br \/>\n<span style=\"font-family: helvetica, arial, sans-serif;\"> Die Durchblutung wird noch intensiver angeregt als bei normalen Massagegriffen, dadurch k\u00f6nnen starke Verspannungen und auch Verh\u00e4rtungen im Bindegewebe noch effektiver gel\u00f6st werden.<\/span><\/p>\n<p><span style=\"font-family: helvetica, arial, sans-serif;\"><strong>Kosten:<\/strong> 20,-\u00a0\u20ac \/ 20 min<\/span><\/p>\n","protected":false},"excerpt":{"rendered":"<p>Bew\u00e4hrte\u00a0Reiztherapie, die zu den ausleitenden Verfahren z\u00e4hlt. Beim Aufsetzen der Schr\u00f6pfgl\u00e4ser auf die Haut wird ein Unterdruck erzeugt und kann so \u00fcber die gew\u00fcnschten K\u00f6rperareale verschoben werden. Die Durchblutung wird &#8230; <a title=\"Schr\u00f6pf &#8211; Kopf &#8211; Massage\" class=\"read-more\" href=\"https:\/\/test.physioherrmann.de\/?page_id=542\" aria-label=\"Mehr Informationen \u00fcber Schr\u00f6pf &#8211; Kopf &#8211; Massage\">Weiterlesen<\/a><\/p>\n","protected":false},"author":1,"featured_media":0,"parent":114,"menu_order":0,"comment_status":"closed","ping_status":"closed","template":"","meta":{"footnotes":""},"class_list":["post-542","page","type-page","status-publish"],"_links":{"self":[{"href":"https:\/\/test.physioherrmann.de\/index.php?rest_route=\/wp\/v2\/pages\/542","targetHints":{"allow":["GET"]}}],"collection":[{"href":"https:\/\/test.physioherrmann.de\/index.php?rest_route=\/wp\/v2\/pages"}],"about":[{"href":"https:\/\/test.physioherrmann.de\/index.php?rest_route=\/wp\/v2\/types\/page"}],"author":[{"embeddable":true,"href":"https:\/\/test.physioherrmann.de\/index.php?rest_route=\/wp\/v2\/users\/1"}],"replies":[{"embeddable":true,"href":"https:\/\/test.physioherrmann.de\/index.php?rest_route=%2Fwp%2Fv2%2Fcomments&post=542"}],"version-history":[{"count":7,"href":"https:\/\/test.physioherrmann.de\/index.php?rest_route=\/wp\/v2\/pages\/542\/revisions"}],"predecessor-version":[{"id":1436,"href":"https:\/\/test.physioherrmann.de\/index.php?rest_route=\/wp\/v2\/pages\/542\/revisions\/1436"}],"up":[{"embeddable":true,"href":"https:\/\/test.physioherrmann.de\/index.php?rest_route=\/wp\/v2\/pages\/114"}],"wp:attachment":[{"href":"https:\/\/test.physioherrmann.de\/index.php?rest_route=%2Fwp%2Fv2%2Fmedia&parent=542"}],"curies":[{"name":"wp","href":"https:\/\/api.w.org\/{rel}","templated":true}]}}