{"id":69,"date":"2017-03-03T10:08:08","date_gmt":"2017-03-03T10:08:08","guid":{"rendered":"http:\/\/test.physioherrmann.de\/?page_id=69"},"modified":"2018-05-22T14:47:55","modified_gmt":"2018-05-22T14:47:55","slug":"impressum","status":"publish","type":"page","link":"https:\/\/test.physioherrmann.de\/?page_id=69","title":{"rendered":"Impressum"},"content":{"rendered":"<div id=\"mainContent\">\n<div id=\"rightContent\"><span style=\"font-family: helvetica, arial, sans-serif;\">\u00a0<\/span><\/div>\n<div id=\"leftContent\">\n<p><span style=\"font-family: helvetica, arial, sans-serif;\">Name des Dienstanbieters: Physiotherapie Herrmann<\/span><\/p>\n<p><span style=\"font-family: helvetica, arial, sans-serif;\">Kontaktadresse:<\/span><\/p>\n<table style=\"height: 251px;\" border=\"0\" width=\"400\">\n<tbody>\n<tr>\n<td><span style=\"font-family: helvetica, arial, sans-serif;\">Adresse:<\/span><\/td>\n<td><span style=\"font-family: helvetica, arial, sans-serif;\">Physiotherapie Herrmann<\/span><\/td>\n<\/tr>\n<tr>\n<td><span style=\"font-family: helvetica, arial, sans-serif;\">Pendlingstr. 1<\/span><\/td>\n<\/tr>\n<tr>\n<td><span style=\"font-family: helvetica, arial, sans-serif;\">83088 Kiefersfelden<\/span><\/td>\n<\/tr>\n<tr>\n<td><span style=\"font-family: helvetica, arial, sans-serif;\">Telefon:<\/span><\/td>\n<td><span style=\"font-family: helvetica, arial, sans-serif;\">+49 8033 302360<\/span><\/td>\n<\/tr>\n<tr>\n<td><span style=\"font-family: helvetica, arial, sans-serif;\">Telefax:<\/span><\/td>\n<td><span style=\"font-family: helvetica, arial, sans-serif;\">+49 8033 3030026<\/span><\/td>\n<\/tr>\n<tr>\n<td><span style=\"font-family: helvetica, arial, sans-serif;\">E-Mail:<\/span><\/td>\n<td><span style=\"font-family: helvetica, arial, sans-serif;\">praxis@physioherrmann.de<\/span><\/td>\n<\/tr>\n<\/tbody>\n<\/table>\n<p><span style=\"font-family: helvetica, arial, sans-serif;\">Gesch\u00e4ftsf\u00fchrer: J\u00fcrgen Herrmann<\/span><\/p>\n<p><span style=\"font-family: helvetica, arial, sans-serif;\">Amtsgericht Rosenheim<\/span><\/p>\n<p><span style=\"font-family: helvetica, arial, sans-serif;\">Haftungsausschluss (Disclaimer)<\/span><\/p>\n<h2><span style=\"font-family: helvetica, arial, sans-serif;\">Haftung f\u00fcr Inhalte<\/span><\/h2>\n<p><span style=\"font-family: helvetica, arial, sans-serif;\">Als Diensteanbieter sind wir gem\u00e4\u00df \u00a7 7 Abs.1 TMG f\u00fcr eigene Inhalte auf diesen Seiten nach den allgemeinen Gesetzen verantwortlich. Nach \u00a7\u00a7 8 bis 10 TMG sind wir als Diensteanbieter jedoch nicht verpflichtet, \u00fcbermittelte oder gespeicherte fremde Informationen zu \u00fcberwachen oder nach Umst\u00e4nden zu forschen, die auf eine rechtswidrige T\u00e4tigkeit hinweisen.<\/span><\/p>\n<p><span style=\"font-family: helvetica, arial, sans-serif;\">Verpflichtungen zur Entfernung oder Sperrung der Nutzung von Informationen nach den allgemeinen Gesetzen bleiben hiervon unber\u00fchrt. Eine diesbez\u00fcgliche Haftung ist jedoch erst ab dem Zeitpunkt der Kenntnis einer konkreten Rechtsverletzung m\u00f6glich. Bei Bekanntwerden von entsprechenden Rechtsverletzungen werden wir diese Inhalte umgehend entfernen.<\/span><\/p>\n<h2><span style=\"font-family: helvetica, arial, sans-serif;\">Haftung f\u00fcr Links<\/span><\/h2>\n<p><span style=\"font-family: helvetica, arial, sans-serif;\">Unser Angebot enth\u00e4lt Links zu externen Webseiten Dritter, auf deren Inhalte wir keinen Einfluss haben. Deshalb k\u00f6nnen wir f\u00fcr diese fremden Inhalte<\/span><br \/>\n<span style=\"font-family: helvetica, arial, sans-serif;\"> auch keine Gew\u00e4hr \u00fcbernehmen. F\u00fcr die Inhalte der verlinkten Seiten ist stets der jeweilige Anbieter oder Betreiber der Seiten verantwortlich. Die verlinkten Seiten wurden zum Zeitpunkt der Verlinkung auf m\u00f6gliche Rechtsverst\u00f6\u00dfe \u00fcberpr\u00fcft. Rechtswidrige Inhalte waren zum Zeitpunkt der<\/span><br \/>\n<span style=\"font-family: helvetica, arial, sans-serif;\"> Verlinkung nicht erkennbar.<\/span><\/p>\n<p><span style=\"font-family: helvetica, arial, sans-serif;\">Eine permanente inhaltliche Kontrolle der verlinkten Seiten ist jedoch ohne konkrete Anhaltspunkte einer Rechtsverletzung nicht zumutbar. Bei Bekanntwerden von Rechtsverletzungen werden wir derartige Links umgehend entfernen.<\/span><\/p>\n<h2><span style=\"font-family: helvetica, arial, sans-serif;\">Urheberrecht<\/span><\/h2>\n<p><span style=\"font-family: helvetica, arial, sans-serif;\">Die durch die Seitenbetreiber erstellten Inhalte und Werke auf diesen Seiten unterliegen dem deutschen Urheberrecht. Die Vervielf\u00e4ltigung, Bearbeitung, Verbreitung und jede Art der Verwertung au\u00dferhalb der Grenzen des Urheberrechtes bed\u00fcrfen der schriftlichen Zustimmung des jeweiligen Autors, Photographen bzw. Erstellers. Downloads und Kopien dieser Seite sind nur f\u00fcr den privaten, nicht kommerziellen Gebrauch gestattet.<\/span><\/p>\n<p><span style=\"font-family: helvetica, arial, sans-serif;\">Soweit die Inhalte auf dieser Seite nicht vom Betreiber erstellt wurden, werden die Urheberrechte Dritter beachtet.<\/span><br \/>\n<span style=\"font-family: helvetica, arial, sans-serif;\"> Insbesondere werden Inhalte Dritter als solche gekennzeichnet. Sollten Sie trotzdem auf eineUrheberrechtsverletzung aufmerksam werden, bitten wir um einen entsprechenden Hinweis. Bei Bekanntwerden von Rechtsverletzungen werden wir derartige Inhalte umgehend entfernen.<\/span><\/p>\n<\/div>\n<h2><span style=\"font-family: helvetica, arial, sans-serif;\">Datenschutz<\/span><\/h2>\n<p><span style=\"font-family: helvetica, arial, sans-serif;\">Die Betreiber dieser Seiten, Physiotherapie Herrmann, nehmen den Schutz Ihrer pers\u00f6nlichen Daten sehr ernst. Wir behandeln Ihre\u00a0personenbezogenen Daten vertraulich und entsprechend der gesetzlichen Datenschutzvorschriften sowie\u00a0dieser Datenschutzerkl\u00e4rung.<\/span><br \/>\n<span style=\"font-family: helvetica, arial, sans-serif;\"> Die Nutzung unserer Website ist in der Regel ohne Angabe personenbezogener Daten m\u00f6glich. Soweit\u00a0auf unseren Seiten personenbezogene Daten (beispielsweise Name, Anschrift oder E-Mail-Adressen)\u00a0erhoben werden, erfolgt dies, soweit m\u00f6glich, stets auf freiwilliger Basis. Diese Daten werden ohne Ihre\u00a0ausdr\u00fcckliche Zustimmung nicht an Dritte weitergegeben. Wir \u00fcbermitteln Ihre personenbezogenen Daten nur dann an Dritte, wenn dies gesetzlicherlaubt ist oder Sie eingewilligt haben. Empf\u00e4nger Ihrer personenbezogenen Daten k\u00f6nnen vor allem andere \u00c4rzte, andere Therapeuten, Krankenkassen, der Medizinische Dienst der Krankenversicherung und Abrechnungsstellen sein.<\/span><br \/>\n<span style=\"font-family: helvetica, arial, sans-serif;\"> Die \u00dcbermittlung erfolgt \u00fcberwiegend zum Zwecke der Abrechnung der bei Ihnen erbrachten Leistungen, zur Kl\u00e4rung von medizinischen und sich aus Ihrem Versicherungsverh\u00e4ltnis ergebenden Fragen. Im Einzelfall erfolgt die \u00dcbermittlung von Daten an weitere berechtigte Empf\u00e4nger. Rechtsgrundlage f\u00fcr die Verarbeitung Ihrer Daten ist Artikel 9 Absatz 2 lit. h) DSGVO in Verbindung mit Paragraf 22 Absatz 1 Nr. 1 lit. b) Bundesdatenschutzgesetz. Sollten Sie Fragen haben, k\u00f6nnen Sie sich gern an uns wenden.<\/span><br \/>\n<span style=\"font-family: helvetica, arial, sans-serif;\"> Wir weisen darauf hin, dass die Daten\u00fcbertragung im Internet (z.B. bei der Kommunikation per E-Mail)\u00a0Sicherheitsl\u00fccken aufweisen kann. Ein l\u00fcckenloser Schutz der Daten vor dem Zugriff durch Dritte ist nicht\u00a0m\u00f6glich.<\/span><\/p>\n<div id=\"leftContent\">\n<h2><span style=\"font-family: helvetica, arial, sans-serif;\">Server-Log-Files<\/span><\/h2>\n<p><span style=\"font-family: helvetica, arial, sans-serif;\">Der Provider der Seiten erhebt und speichert automatisch Informationen in so genannten Server-Log\u00a0Files, die Ihr Browser automatisch an uns \u00fcbermittelt. Dies sind:<\/span><\/p>\n<ul>\n<li><span style=\"font-family: helvetica, arial, sans-serif;\">Browsertyp und Browserversion<\/span><\/li>\n<li><span style=\"font-family: helvetica, arial, sans-serif;\">verwendetes Betriebssystem<\/span><\/li>\n<li><span style=\"font-family: helvetica, arial, sans-serif;\">Referrer URL<\/span><\/li>\n<li><span style=\"font-family: helvetica, arial, sans-serif;\">Hostname des zugreifenden Rechners<\/span><\/li>\n<li><span style=\"font-family: helvetica, arial, sans-serif;\">Uhrzeit der Serveranfrage<\/span><\/li>\n<\/ul>\n<p><span style=\"font-family: helvetica, arial, sans-serif;\">Diese Daten sind nicht bestimmten Personen zuordenbar. Eine Zusammenf\u00fchrung dieser Daten mit\u00a0anderen Datenquellen wird nicht vorgenommen. Wir behalten uns vor, diese Daten nachtr\u00e4glich zu\u00a0pr\u00fcfen, wenn uns konkrete Anhaltspunkte f\u00fcr eine rechtswidrige Nutzung bekannt werden.<\/span><\/p>\n<\/div>\n<h2><span style=\"font-family: helvetica, arial, sans-serif;\">Google Analytics<\/span><\/h2>\n<p><span style=\"font-family: helvetica, arial, sans-serif;\">Diese Website nutzt Funktionen des Webanalysedienstes Google Analytics. Anbieter ist die Google Inc.,\u00a01600 Amphitheatre Parkway Mountain View, CA 94043, USA.<\/span><br \/>\n<span style=\"font-family: helvetica, arial, sans-serif;\"> Google Analytics verwendet so genannte &#8222;Cookies&#8220;. Das sind Textdateien, die auf Ihrem Computer\u00a0gespeichert werden und die eine Analyse der Benutzung der Website durch Sie erm\u00f6glichen. Die durch\u00a0den Cookie erzeugten Informationen \u00fcber Ihre Benutzung dieser Website werden in der Regel an einen\u00a0Server von Google in den USA \u00fcbertragen und dort gespeichert.<\/span><\/p>\n<p>&nbsp;<\/p>\n<\/div>\n<p><span style=\"font-family: helvetica, arial, sans-serif; font-size: 18pt;\">Browser Plugin<\/span><strong><br \/>\n<\/strong><br \/>\nSie k\u00f6nnen die Speicherung der Cookies durch eine entsprechende Einstellung Ihrer Browser-Software\u00a0verhindern; wir weisen Sie jedoch darauf hin, dass Sie in diesem Fall gegebenenfalls nicht s\u00e4mtliche\u00a0Funktionen dieser Website vollumf\u00e4nglich werden nutzen k\u00f6nnen. Sie k\u00f6nnen dar\u00fcber hinaus die\u00a0Erfassung der durch den Cookie erzeugten und auf Ihre Nutzung der Website bezogenen Daten (inkl.\u00a0Ihrer IP-Adresse) an Google sowie die Verarbeitung dieser Daten durch Google verhindern, indem Sie\u00a0das unter dem folgenden Link verf\u00fcgbare Browser-Plugin herunterladen und installieren:<br \/>\nhttps:\/\/tools.google.com\/dlpage\/gaoptout?hl=de<\/p>\n<p>&nbsp;<\/p>\n<p><span style=\"font-family: helvetica, arial, sans-serif; font-size: 18pt;\">Google Maps<\/span><\/p>\n<p>Wir binden die Landkarten des Dienstes &#8222;Google Maps&#8220; des Anbieters Google LLC, 1600 Amphitheatre Parkway, Mountain View, CA 94043, USA, ein. Zu den verarbeiteten Daten k\u00f6nnen insbesondere IP-Adressen und Standortdaten der Nutzer geh\u00f6ren, die jedoch nicht ohne deren Einwilligung (im Regelfall im Rahmen der Einstellungen ihrer Mobilger\u00e4te vollzogen), erhoben werden. Die Daten k\u00f6nnen in den USA verarbeitet werden. Datenschutzerkl\u00e4rung:\u00a0<a href=\"https:\/\/www.google.com\/policies\/privacy\/\">https:\/\/www.google.com\/policies\/privacy\/<\/a>, Opt-Out:\u00a0<a href=\"https:\/\/adssettings.google.com\/authenticated\">https:\/\/adssettings.google.com\/authenticated<\/a>.<\/p>\n<p>&nbsp;<\/p>\n<p><span style=\"font-family: helvetica, arial, sans-serif; font-size: 18pt;\">Widerspruch gegen Datenerfassung<\/span><strong><br \/>\n<\/strong><br \/>\nSie k\u00f6nnen die Erfassung Ihrer Daten durch Google Analytics verhindern, indem Sie auf folgenden Link\u00a0klicken. Es wird ein Opt-Out-Cookie gesetzt, der die Erfassung Ihrer Daten bei zuk\u00fcnftigen Besuchen\u00a0dieser Website verhindert: Google Analytics deaktivieren\u00a0Mehr Informationen zum Umgang mit Nutzerdaten bei Google Analytics finden Sie in der\u00a0Datenschutzerkl\u00e4rung von Google: https:\/\/support.google.com\/analytics\/answer\/6004245?hl=de<\/p>\n<p><strong>Quelle<\/strong>: eRecht24<\/p>\n","protected":false},"excerpt":{"rendered":"<p>\u00a0 Name des Dienstanbieters: Physiotherapie Herrmann Kontaktadresse: Adresse: Physiotherapie Herrmann Pendlingstr. 1 83088 Kiefersfelden Telefon: +49 8033 302360 Telefax: +49 8033 3030026 E-Mail: praxis@physioherrmann.de Gesch\u00e4ftsf\u00fchrer: J\u00fcrgen Herrmann Amtsgericht Rosenheim Haftungsausschluss &#8230; <a title=\"Impressum\" class=\"read-more\" href=\"https:\/\/test.physioherrmann.de\/?page_id=69\" aria-label=\"Mehr Informationen \u00fcber Impressum\">Weiterlesen<\/a><\/p>\n","protected":false},"author":1,"featured_media":0,"parent":0,"menu_order":0,"comment_status":"closed","ping_status":"closed","template":"","meta":{"footnotes":""},"class_list":["post-69","page","type-page","status-publish"],"_links":{"self":[{"href":"https:\/\/test.physioherrmann.de\/index.php?rest_route=\/wp\/v2\/pages\/69","targetHints":{"allow":["GET"]}}],"collection":[{"href":"https:\/\/test.physioherrmann.de\/index.php?rest_route=\/wp\/v2\/pages"}],"about":[{"href":"https:\/\/test.physioherrmann.de\/index.php?rest_route=\/wp\/v2\/types\/page"}],"author":[{"embeddable":true,"href":"https:\/\/test.physioherrmann.de\/index.php?rest_route=\/wp\/v2\/users\/1"}],"replies":[{"embeddable":true,"href":"https:\/\/test.physioherrmann.de\/index.php?rest_route=%2Fwp%2Fv2%2Fcomments&post=69"}],"version-history":[{"count":20,"href":"https:\/\/test.physioherrmann.de\/index.php?rest_route=\/wp\/v2\/pages\/69\/revisions"}],"predecessor-version":[{"id":1154,"href":"https:\/\/test.physioherrmann.de\/index.php?rest_route=\/wp\/v2\/pages\/69\/revisions\/1154"}],"wp:attachment":[{"href":"https:\/\/test.physioherrmann.de\/index.php?rest_route=%2Fwp%2Fv2%2Fmedia&parent=69"}],"curies":[{"name":"wp","href":"https:\/\/api.w.org\/{rel}","templated":true}]}}